
{"id":20118,"date":"2017-03-28T07:48:57","date_gmt":"2017-03-28T07:48:57","guid":{"rendered":"https:\/\/asia.tmarketing.la\/index.php\/main-home\/"},"modified":"2017-03-28T07:48:57","modified_gmt":"2017-03-28T07:48:57","slug":"main-home","status":"publish","type":"page","link":"https:\/\/asia.tmarketing.la\/en\/","title":{"rendered":"Main Home"},"content":{"rendered":"<div class=\"wpb-content-wrapper\"><p>[vc_row el_class=&#8221;edgtf-rev-slider-row&#8221; css=&#8221;.vc_custom_1492688936205{background-color: #f6f4ee !important;}&#8221;][vc_column][rev_slider_vc alias=&#8221;home-1&#8243;][\/vc_column][\/vc_row][vc_row css=&#8221;.vc_custom_1492523439802{margin-right: 0px !important;margin-left: 0px !important;}&#8221;][vc_column offset=&#8221;vc_col-lg-4 vc_col-md-4 vc_col-xs-12&#8243; css=&#8221;.vc_custom_1491990590266{padding-right: 0px !important;padding-left: 0px !important;}&#8221;]<div class=\"edgtf-banner\">\n\t\t<div class=\"edgtf-banner-image\">\n\t\t\t<img decoding=\"async\" src=\"https:\/\/asia.tmarketing.la\/wp-content\/uploads\/2023\/08\/mujeres-de-concreto-asia.jpg\" alt=\"Image2\" \/>\n\t<\/div>\n\t<div class=\"edgtf-banner-text-holder\">\n\t\t<div class=\"edgtf-banner-text-table\">\n\t\t\t<div class=\"edgtf-banner-text-cell\">\n\t\t\t\t\t\t\t\t\t\t\t\t\t<h2 class=\"edgtf-banner-title\" style=\"color:#ffffff\">\n\t\t\t\t\t\t<span>Concrete Women Program<\/span>\n\t\t\t\t\t<\/h2>\n\t\t\t\t\t\t\t\t\t\t\t\t\t<a href=\"https:\/\/asia.tmarketing.la\/index.php\/donations\/mujeres-de-concreto\/\" target=\"_self\" class=\"edgtf-banner-read-more\" >Donar<\/a>\n\t\t\t\t\t\t\t<\/div>\n\t\t<\/div>\n\t<\/div>\n\t\t\t<div class=\"edgtf-banner-overlay-holder\" style=\"background-color:rgba(252,191,72,0.56)\"><\/div>\n\t<\/div>[\/vc_column][vc_column offset=&#8221;vc_col-lg-4 vc_col-md-4 vc_col-xs-12&#8243; css=&#8221;.vc_custom_1491309615421{padding-right: 0px !important;padding-left: 0px !important;}&#8221;]<div class=\"edgtf-banner\">\n\t\t<div class=\"edgtf-banner-image\">\n\t\t\t<img decoding=\"async\" src=\"https:\/\/asia.tmarketing.la\/wp-content\/uploads\/2023\/08\/capacitaciones.jpg\" alt=\"Image2\" \/>\n\t<\/div>\n\t<div class=\"edgtf-banner-text-holder\">\n\t\t<div class=\"edgtf-banner-text-table\">\n\t\t\t<div class=\"edgtf-banner-text-cell\">\n\t\t\t\t\t\t\t\t\t\t\t\t\t<h2 class=\"edgtf-banner-title\" style=\"color:#ffffff\">\n\t\t\t\t\t\t<span>On-site and online training<\/span>\n\t\t\t\t\t<\/h2>\n\t\t\t\t\t\t\t\t\t\t\t\t\t<a href=\"https:\/\/cencasia.edu.sv\/\" target=\"_self\" class=\"edgtf-banner-read-more\" >Ver cursos<\/a>\n\t\t\t\t\t\t\t<\/div>\n\t\t<\/div>\n\t<\/div>\n\t\t\t<div class=\"edgtf-banner-overlay-holder\" style=\"background-color:rgba(0,0,0,0.39)\"><\/div>\n\t<\/div>[\/vc_column][vc_column offset=&#8221;vc_col-lg-4 vc_col-md-4 vc_col-xs-12&#8243; css=&#8221;.vc_custom_1491309622533{padding-right: 0px !important;padding-left: 0px !important;}&#8221;]<div class=\"edgtf-banner\">\n\t\t<div class=\"edgtf-banner-image\">\n\t\t\t<img decoding=\"async\" src=\"https:\/\/asia.tmarketing.la\/wp-content\/uploads\/2023\/08\/miembro-asia.jpg\" alt=\"Image2\" \/>\n\t<\/div>\n\t<div class=\"edgtf-banner-text-holder\">\n\t\t<div class=\"edgtf-banner-text-table\">\n\t\t\t<div class=\"edgtf-banner-text-cell\">\n\t\t\t\t\t\t\t\t\t\t\t\t\t<h2 class=\"edgtf-banner-title\" style=\"color:#ffffff\">\n\t\t\t\t\t\t<span>Become a member of ASIA Gremial<\/span>\n\t\t\t\t\t<\/h2>\n\t\t\t\t\t\t\t\t\t\t\t\t\t<a href=\"https:\/\/asia.tmarketing.la\/index.php\/afiliacion-asia\/\" target=\"_self\" class=\"edgtf-banner-read-more\" >Beneficios<\/a>\n\t\t\t\t\t\t\t<\/div>\n\t\t<\/div>\n\t<\/div>\n\t\t\t<div class=\"edgtf-banner-overlay-holder\" style=\"background-color:rgba(141,198,63,0.72)\"><\/div>\n\t<\/div>[\/vc_column][\/vc_row][vc_row css=&#8221;.vc_custom_1490694981697{padding-top: 95px !important;}&#8221;][vc_column][vc_column_text]<\/p>\n<h2 style=\"text-align: center;\">About Us<\/h2>\n<p>[\/vc_column_text][vc_empty_space height=&#8221;14px&#8221;]\n<p class=\"edgtf-section-subtitle\" style=\"text-align:center;color:#888888\">\n\tLa Asociaci\u00f3n es la m\u00e1s grande y primera organizaci\u00f3n gremial de Ingenieros y Arquitectos en El Salvador, fundada en 1929<\/p><div class=\"edgtf-separator-holder clearfix  edgtf-separator-center\">\n\t<div class=\"edgtf-separator\" style=\"border-color: #ffb422;width: 55px;border-bottom-width: 3px;margin-top: 25px;margin-bottom: 75px\"><\/div>\n<\/div>\n[vc_row_inner content_width=&#8221;grid&#8221; css=&#8221;.vc_custom_1490777198078{padding-bottom: 70px !important;}&#8221;][vc_column_inner offset=&#8221;vc_col-lg-4 vc_col-md-4 vc_col-xs-12&#8243;][vc_single_image image=&#8221;19181&#8243; img_size=&#8221;large&#8221;][vc_empty_space height=&#8221;25px&#8221;][vc_column_text]<\/p>\n<h3>Gremial<\/h3>\n<p>[\/vc_column_text][vc_empty_space height=&#8221;18px&#8221;][vc_column_text]Our Association is a non-profit, non-political professional guild with legal status, and it brings together engineers from all specialties, architects, and other professions related to these disciplines[\/vc_column_text][vc_empty_space][\/vc_column_inner][vc_column_inner offset=&#8221;vc_col-lg-4 vc_col-md-4 vc_col-xs-12&#8243;][vc_single_image image=&#8221;19183&#8243; img_size=&#8221;large&#8221;][vc_empty_space height=&#8221;25px&#8221;][vc_column_text]<\/p>\n<h3>Education<\/h3>\n<p>[\/vc_column_text][vc_empty_space height=&#8221;18px&#8221;][vc_column_text]<strong>ASIA<\/strong>, with 90 years of foundation, has over 45 years of experience in organizing training and development events with the aim of keeping the competencies of engineering and architecture professionals up to date[\/vc_column_text][vc_empty_space][\/vc_column_inner][vc_column_inner offset=&#8221;vc_col-lg-4 vc_col-md-4 vc_col-xs-12&#8243;][vc_single_image image=&#8221;19185&#8243; img_size=&#8221;large&#8221;][vc_empty_space height=&#8221;25px&#8221;][vc_column_text]<\/p>\n<h3>Facilities<\/h3>\n<p>[\/vc_column_text][vc_empty_space height=&#8221;18px&#8221;][vc_column_text]ASIA offers exceptional facilities, including social spaces for events, auditoriums, meeting rooms, and sports areas for its members, promoting cultural exchanges, education, and physical vitality[\/vc_column_text][vc_empty_space][\/vc_column_inner][\/vc_row_inner][vc_row_inner][vc_column_inner][vc_column_text]<\/p>\n<h2 style=\"text-align: center;\">Institutional Membership of ASIA<\/h2>\n<p>[\/vc_column_text]<div class=\"edgtf-image-gallery-carousel-wrapper\">\n\t<div class=\"edgtf-image-gallery-carousel \" data-autoplay=\"3\" data-animation=\"slide\" data-navigation=\"yes\" data-pagination=\"no\">\n\t\t\t\t<div>\n\t\t\t\n\t\t\t<div class=\"edgtf-ig-image-holder\">\n\t\t\t\t\t\t\t\t\t<img loading=\"lazy\" decoding=\"async\" src=\"https:\/\/asia.tmarketing.la\/wp-content\/uploads\/2023\/11\/WFEO-200x200.jpg\" alt=\"\" width=\"200\" height=\"200\" \/>\t\t\t\t\t\t\t<\/div>\n\n\t\t\t\t\t<\/div>\n\t\t\t\t<div>\n\t\t\t\n\t\t\t<div class=\"edgtf-ig-image-holder\">\n\t\t\t\t\t\t\t\t\t<img loading=\"lazy\" decoding=\"async\" src=\"https:\/\/asia.tmarketing.la\/wp-content\/uploads\/2023\/11\/ACAII-200x200.jpg\" alt=\"\" width=\"200\" height=\"200\" \/>\t\t\t\t\t\t\t<\/div>\n\n\t\t\t\t\t<\/div>\n\t\t\t\t<div>\n\t\t\t\n\t\t\t<div class=\"edgtf-ig-image-holder\">\n\t\t\t\t\t\t\t\t\t<img loading=\"lazy\" decoding=\"async\" src=\"https:\/\/asia.tmarketing.la\/wp-content\/uploads\/2023\/11\/ASIES-200x200.jpg\" alt=\"\" width=\"200\" height=\"200\" \/>\t\t\t\t\t\t\t<\/div>\n\n\t\t\t\t\t<\/div>\n\t\t\t\t<div>\n\t\t\t\n\t\t\t<div class=\"edgtf-ig-image-holder\">\n\t\t\t\t\t\t\t\t\t<img loading=\"lazy\" decoding=\"async\" src=\"https:\/\/asia.tmarketing.la\/wp-content\/uploads\/2023\/11\/CAPES-200x200.jpg\" alt=\"\" width=\"200\" height=\"200\" \/>\t\t\t\t\t\t\t<\/div>\n\n\t\t\t\t\t<\/div>\n\t\t\t\t<div>\n\t\t\t\n\t\t\t<div class=\"edgtf-ig-image-holder\">\n\t\t\t\t\t\t\t\t\t<img loading=\"lazy\" decoding=\"async\" src=\"https:\/\/asia.tmarketing.la\/wp-content\/uploads\/2023\/11\/FOICAP-200x200.jpg\" alt=\"\" width=\"200\" height=\"200\" \/>\t\t\t\t\t\t\t<\/div>\n\n\t\t\t\t\t<\/div>\n\t\t\t\t<div>\n\t\t\t\n\t\t\t<div class=\"edgtf-ig-image-holder\">\n\t\t\t\t\t\t\t\t\t<img loading=\"lazy\" decoding=\"async\" src=\"https:\/\/asia.tmarketing.la\/wp-content\/uploads\/2023\/11\/FORO-CENTRO-HISTORICO-200x200.jpg\" alt=\"\" width=\"200\" height=\"200\" \/>\t\t\t\t\t\t\t<\/div>\n\n\t\t\t\t\t<\/div>\n\t\t\t\t<div>\n\t\t\t\n\t\t\t<div class=\"edgtf-ig-image-holder\">\n\t\t\t\t\t\t\t\t\t<img loading=\"lazy\" decoding=\"async\" src=\"https:\/\/asia.tmarketing.la\/wp-content\/uploads\/2023\/11\/ISC-200x200.jpg\" alt=\"\" width=\"200\" height=\"200\" \/>\t\t\t\t\t\t\t<\/div>\n\n\t\t\t\t\t<\/div>\n\t\t\t\t<div>\n\t\t\t\n\t\t\t<div class=\"edgtf-ig-image-holder\">\n\t\t\t\t\t\t\t\t\t<img loading=\"lazy\" decoding=\"async\" src=\"https:\/\/asia.tmarketing.la\/wp-content\/uploads\/2023\/11\/UPADI-200x200.jpg\" alt=\"\" width=\"200\" height=\"200\" \/>\t\t\t\t\t\t\t<\/div>\n\n\t\t\t\t\t<\/div>\n\t\t\t<\/div>\n<\/div>[\/vc_column_inner][\/vc_row_inner][vc_empty_space height=&#8221;50px&#8221;][vc_row_inner css=&#8221;.vc_custom_1699294988732{background-image: url(http:\/\/asia.tmarketing.la\/wp-content\/uploads\/2023\/08\/Fondo-ASIA.jpg?id=19244) !important;}&#8221;][vc_column_inner][vc_empty_space height=&#8221;50px&#8221;][\/vc_column_inner][vc_column_inner width=&#8221;1\/6&#8243;][\/vc_column_inner][vc_column_inner width=&#8221;1\/3&#8243;][vc_single_image image=&#8221;20037&#8243; img_size=&#8221;medium&#8221; alignment=&#8221;center&#8221;][\/vc_column_inner][vc_column_inner width=&#8221;1\/3&#8243;][vc_empty_space][vc_column_text]<\/p>\n<h3><strong>Do you want to learn more about our activities as ASIA?<\/strong><\/h3>\n<p>We invite you to read our recent Annual Report and learn about all the activities that our organization carries out for the benefit of our members and the Engineering and Architecture industry in El Salvador[\/vc_column_text][vc_empty_space][vc_btn title=&#8221;Annual Report&#8221; color=&#8221;green&#8221; link=&#8221;url:https%3A%2F%2Fasia.tmarketing.la%2Findex.php%2Fmemoria-de-labores%2F&#8221;][vc_empty_space height=&#8221;50px&#8221;][\/vc_column_inner][vc_column_inner width=&#8221;1\/6&#8243;][\/vc_column_inner][\/vc_row_inner][\/vc_column][\/vc_row][vc_row css=&#8221;.vc_custom_1691701059140{background-image: url(http:\/\/asia.tmarketing.la\/wp-content\/uploads\/2023\/08\/blog-paralax-asia-1.jpg?id=19188) !important;}&#8221;][vc_column]<div class=\"edgtf-elements-holder edgtf-two-columns edgtf-responsive-mode-1024\" ><div class=\"edgtf-elements-holder-item \" data-item-class=\"edgtf-elements-holder-custom-205448\" data-1280-1600=\"17.8% 2% 17.6% 20%\" data-1024-1280=\"21.8% 0% 21.6% 13%\" data-768-1024=\"12.8% 0% 5.8% 0%\" data-600-768=\"11% 11% 9% 11%\" data-480=\"14.8% 3% 14.8% 3%\" >\n\t\t<div class=\"edgtf-elements-holder-item-inner\">\n\t\t<div class=\"edgtf-elements-holder-item-content edgtf-elements-holder-custom-205448\" style=\"padding: 14.8% 2% 14.8% 32%\">\n\t\t\t\n<div class=\"edgtf-video-button\">\n\t<a itemprop=\"image\" class=\"edgtf-video-button-play\" href=\"https:\/\/youtu.be\/GCNBejbuaCg\" data-rel=\"prettyPhoto\" style=\"font-size: 69.6px;color: #ffffff\">\n\t\t\t\t\t<span class=\"edgtf-video-button-image\">\n\t\t\t\t<img decoding=\"async\" itemprop=\"image\" src=\"https:\/\/asia.tmarketing.la\/wp-content\/uploads\/2023\/08\/miembro-asia.jpg\" alt=\"Image1\" \/>\n\t\t\t<\/span>\n\t\t\t\t<span class=\"edgtf-video-button-wrapper\">\n\t\t\t<span class=\"edgtf-video-button-wrapper-inner\" style=\"border-color: #ffffff\">\n\t\t\t\t<span class=\"fa fa-play\"><\/span>\n\t\t\t<\/span>\n\t\t<\/span>\n\t<\/a>\n\t<\/div>\t\t<\/div>\n\t<\/div>\n\t<\/div><div class=\"edgtf-elements-holder-item \" data-item-class=\"edgtf-elements-holder-custom-941590\" data-1280-1600=\"0% 23% 0% 8%\" data-1024-1280=\"0% 11% 0% 16%\" data-768-1024=\"3% 11% 11% 11%\" data-600-768=\"0% 14% 10% 12%\" data-480=\"0% 11% 15% 11%\" >\n\t\t<div class=\"edgtf-elements-holder-item-inner\">\n\t\t<div class=\"edgtf-elements-holder-item-content edgtf-elements-holder-custom-941590\" style=\"padding: 0% 31% 0% 10%\">\n\t\t\t[vc_column_text]<\/p>\n<h2><span style=\"color: #ffffff;\">The Guild of Engineers and Architects of El Salvado<\/span><\/h2>\n<p>[\/vc_column_text]<div class=\"edgtf-separator-holder clearfix  edgtf-separator-left\">\n\t<div class=\"edgtf-separator\" style=\"border-color: #ffb422;width: 55px;border-bottom-width: 3px;margin-top: 25px;margin-bottom: 25px\"><\/div>\n<\/div>\n[vc_column_text]<span style=\"color: #ffffff;\">We have been organizing congresses, seminars, courses, symposia, and roundtable discussions at the national and international levels for over 30 years, and we have the infrastructure, equipment, and specialized human resources for these events<\/span>[\/vc_column_text][vc_empty_space height=&#8221;27px&#8221;]<a itemprop=\"url\" href=\"https:\/\/asia.tmarketing.la\/index.php\/afiliacion-asia\/#beneficios\" target=\"_blank\" style=\"color: #000000;background-color: #ffffff;border-color: #ffffff\" class=\"edgtf-btn edgtf-btn-medium edgtf-btn-solid edgtf-btn-custom-hover-bg edgtf-btn-custom-border-hover edgtf-btn-custom-hover-color\" data-hover-bg-color=\"#f6f4ee\" data-hover-color=\"#000000\" data-hover-border-color=\"#f6f4ee\" >\n\t<span class=\"edgtf-btn-text\">Member Benefits<\/span>\n    <\/a>\t\t<\/div>\n\t<\/div>\n\t<\/div><\/div>[\/vc_column][\/vc_row][vc_row content_width=&#8221;grid&#8221; css=&#8221;.vc_custom_1490706704439{padding-top: 95px !important;padding-bottom: 110px !important;}&#8221;][vc_column][vc_column_text]<\/p>\n<h2 style=\"text-align: center;\">Social Programs<\/h2>\n<p>[\/vc_column_text][vc_empty_space height=&#8221;14px&#8221;]\n<p class=\"edgtf-section-subtitle\" style=\"text-align:center;color:#888888\">\n\tProyectos sociales enfocados en la formaci\u00f3n acad\u00e9mica de sectores con mayor necesidad de la industria de la construcci\u00f3n y la arquitectura.<\/p><div class=\"edgtf-separator-holder clearfix  edgtf-separator-center\">\n\t<div class=\"edgtf-separator\" style=\"border-color: #ffb422;width: 55px;border-bottom-width: 3px;margin-top: 25px;margin-bottom: 75px\"><\/div>\n<\/div>\n[edgtf_cause_list title_tag=&#8221;h3&#8243; order=&#8221;ASC&#8221; number=&#8221;3&#8243; category=&#8221;healthcare&#8221;][\/vc_column][\/vc_row][vc_row content_width=&#8221;grid&#8221; css=&#8221;.vc_custom_1691706638069{padding-top: 5.4% !important;padding-bottom: 6% !important;background-image: url(http:\/\/asia.tmarketing.la\/wp-content\/uploads\/2023\/08\/blog-paralax-estadsiticas-1.jpg?id=19200) !important;}&#8221;][vc_column]<div class=\"edgtf-elements-holder edgtf-four-columns edgtf-responsive-mode-768\" ><div class=\"edgtf-elements-holder-item edgtf-horizontal-alignment-center\" data-item-class=\"edgtf-elements-holder-custom-447537\" >\n\t\t<div class=\"edgtf-elements-holder-item-inner\">\n\t\t<div class=\"edgtf-elements-holder-item-content edgtf-elements-holder-custom-447537\" >\n\t\t\t<div class=\"edgtf-counter-holder center\" >\n\n\t<span class=\"edgtf-counter zero\" style=\"font-size: 80pxpx;color: #ffffff\">\n\t\t5000\t<\/span>\n\t\t\t<h4 class=\"edgtf-counter-title\"  style=\"color: #ffffff\">\n\t\t\tTrained Professionals\t\t<\/h4>\n\t\t\n<\/div>\t\t<\/div>\n\t<\/div>\n\t<\/div><div class=\"edgtf-elements-holder-item \" data-item-class=\"edgtf-elements-holder-custom-498876\" >\n\t\t<div class=\"edgtf-elements-holder-item-inner\">\n\t\t<div class=\"edgtf-elements-holder-item-content edgtf-elements-holder-custom-498876\" >\n\t\t\t<div class=\"edgtf-counter-holder center\" >\n\n\t<span class=\"edgtf-counter zero\" style=\"font-size: 80pxpx;color: #ffffff\">\n\t\t1000\t<\/span>\n\t\t\t<h4 class=\"edgtf-counter-title\"  style=\"color: #ffffff\">\n\t\t\tDelivered Courses\t\t<\/h4>\n\t\t\n<\/div>\t\t<\/div>\n\t<\/div>\n\t<\/div><div class=\"edgtf-elements-holder-item \" data-item-class=\"edgtf-elements-holder-custom-979102\" >\n\t\t<div class=\"edgtf-elements-holder-item-inner\">\n\t\t<div class=\"edgtf-elements-holder-item-content edgtf-elements-holder-custom-979102\" >\n\t\t\t<div class=\"edgtf-counter-holder center\" >\n\n\t<span class=\"edgtf-counter zero\" style=\"font-size: 80pxpx;color: #ffffff\">\n\t\t827\t<\/span>\n\t\t\t<h4 class=\"edgtf-counter-title\"  style=\"color: #ffffff\">\n\t\t\tProyects\t\t<\/h4>\n\t\t\n<\/div>\t\t<\/div>\n\t<\/div>\n\t<\/div><div class=\"edgtf-elements-holder-item \" data-item-class=\"edgtf-elements-holder-custom-897041\" >\n\t\t<div class=\"edgtf-elements-holder-item-inner\">\n\t\t<div class=\"edgtf-elements-holder-item-content edgtf-elements-holder-custom-897041\" >\n\t\t\t<div class=\"edgtf-counter-holder center\" >\n\n\t<span class=\"edgtf-counter zero\" style=\"font-size: 80pxpx;color: #ffffff\">\n\t\t460\t<\/span>\n\t\t\t<h4 class=\"edgtf-counter-title\"  style=\"color: #ffffff\">\n\t\t\tConsulting\t\t<\/h4>\n\t\t\n<\/div>\t\t<\/div>\n\t<\/div>\n\t<\/div><\/div>[\/vc_column][\/vc_row][vc_row content_width=&#8221;grid&#8221; css=&#8221;.vc_custom_1490709194853{padding-top: 95px !important;padding-bottom: 110px !important;}&#8221;][vc_column][vc_column_text]<\/p>\n<h2 style=\"text-align: center;\">Build futures with us<\/h2>\n<p>[\/vc_column_text][vc_empty_space height=&#8221;14px&#8221;]\n<p class=\"edgtf-section-subtitle\" style=\"text-align:center;color:#888888\">\n\tColoca tu grano de arena en la construcci\u00f3n de un futuro mejor<\/p><div class=\"edgtf-separator-holder clearfix  edgtf-separator-center\">\n\t<div class=\"edgtf-separator\" style=\"border-color: #ffb422;width: 55px;border-bottom-width: 3px;margin-top: 25px;margin-bottom: 75px\"><\/div>\n<\/div>\n<div class=\"edgtf-project-presentation presentation-left edgtf-project-presentation-light\">\n    <div class=\"edgtf-pp-content-holder\">\n        <div class=\"edgtf-pp-content-left\">\n            <div class=\"edgtf-pp-text-holder\" style=\"background-image: url(https:\/\/asia.tmarketing.la\/wp-content\/uploads\/2023\/08\/Banner-abajo-Home-ASIA.jpg)\">\n                                    <h2 class=\"edgtf-pp-title\">\n                        Become a Benefactor                    <\/h2>\n                                                    <p class=\"edgtf-pp-subtitle\">\n                        S\u00e9 parte de nuestros benefactores y ay\u00fadanos a construir futuros llenos de oportunidades para los sectores que m\u00e1s lo necesitan.                    <\/p>\n                \t            \t                <div class=\"edgtf-pp-button\">\n\t                    <a itemprop=\"url\" href=\"https:\/\/asia.tmarketing.la\/index.php\/programas-sociales\/\" target=\"_blank\" style=\"color: #000\" class=\"edgtf-btn edgtf-btn-medium edgtf-btn-solid-dark edgtf-btn-custom-hover-bg edgtf-btn-custom-border-hover edgtf-btn-custom-hover-color\" data-hover-bg-color=\"#f6f4ee\" data-hover-color=\"#000\" data-hover-border-color=\"#f6f4ee\" >\t<span class=\"edgtf-btn-text\">Mira nuestros programas sociales<\/span>    <\/a>\t                <\/div>\n\t                        <\/div>\n        <\/div>\n        <div class=\"edgtf-pp-content-right\">\n            <div class=\"edgtf-pp-gallery\">\n                <div class=\"edgtf-pp-gallery-slider\" data-autoplay=\"3\" data-pagination=\"yes\">\n                                                <img loading=\"lazy\" decoding=\"async\" width=\"648\" height=\"368\" src=\"https:\/\/asia.tmarketing.la\/wp-content\/uploads\/2023\/08\/cencasia6.jpeg\" class=\"attachment-full size-full\" alt=\"\" srcset=\"https:\/\/asia.tmarketing.la\/wp-content\/uploads\/2023\/08\/cencasia6.jpeg 648w, https:\/\/asia.tmarketing.la\/wp-content\/uploads\/2023\/08\/cencasia6-300x170.jpeg 300w, https:\/\/asia.tmarketing.la\/wp-content\/uploads\/2023\/08\/cencasia6-600x341.jpeg 600w\" sizes=\"(max-width: 648px) 100vw, 648px\" \/>                                                <img loading=\"lazy\" decoding=\"async\" width=\"648\" height=\"368\" src=\"https:\/\/asia.tmarketing.la\/wp-content\/uploads\/2023\/08\/cencasia7.jpeg\" class=\"attachment-full size-full\" alt=\"\" srcset=\"https:\/\/asia.tmarketing.la\/wp-content\/uploads\/2023\/08\/cencasia7.jpeg 648w, https:\/\/asia.tmarketing.la\/wp-content\/uploads\/2023\/08\/cencasia7-300x170.jpeg 300w, https:\/\/asia.tmarketing.la\/wp-content\/uploads\/2023\/08\/cencasia7-600x341.jpeg 600w\" sizes=\"(max-width: 648px) 100vw, 648px\" \/>                                    <\/div>\n            <\/div>\n        <\/div>\n    <\/div>\n<\/div>[\/vc_column][\/vc_row][vc_row row_type=&#8221;parallax&#8221; content_width=&#8221;grid&#8221; full_screen_section_height=&#8221;no&#8221; css=&#8221;.vc_custom_1490711166549{padding-top: 90px !important;padding-bottom: 90px !important;background-image: url(https:\/\/goodwish.qodeinteractive.com\/wp-content\/uploads\/2017\/03\/h1-parallax-3.jpg?id=13460) !important;}&#8221;][vc_column]<div class=\"edgtf-testimonials-holder clearfix\"><div class=\"edgtf-slick-slider-navigation-style edgtf-testimonials edgtf-testimonials-type-carousel edgtf-dark-dots\"  data-animation-speed =\"700\" data-arrows-navigation =\"false\">Sorry, no posts matched your criteria.<\/div><\/div>[\/vc_column][\/vc_row][vc_row content_width=&#8221;grid&#8221; css=&#8221;.vc_custom_1490713273151{padding-top: 36px !important;padding-bottom: 41px !important;background-color: #9fcf5d !important;}&#8221;][vc_column css=&#8221;.vc_custom_1492609383973{padding-top: 2px !important;}&#8221;]\t<div class=\"edgtf-call-to-action normal\" style=\"background-color: #9fcf5d;\">\n\n\t\t\t\t<div class=\"edgtf-container-inner\">\n\t\t\t\t\t<div class=\"edgtf-call-to-action-row-75-25 clearfix\" style=\"padding: 20px;\">\n\t\t\t\t\t\t<div class=\"edgtf-text-wrapper edgtf-call-to-action-column1 edgtf-call-to-action-cell left\">\n\t\t\t\t\t<div class=\"edgtf-call-to-action-text\" style=\"text-align: left\">\n<h2><span style=\"color: #ffffff;\">Subscribe and receive our weekly newsletter<\/span><\/h2>\n\t\t\t\t\t\t\t\t\t\t\t<\/div>\n\t\t\t\t<\/div>\n\n\t\t\t\t\t\t\t\t\t<div class=\"edgtf-button-wrapper edgtf-call-to-action-column2 edgtf-call-to-action-cell\" style =\"text-align: right ;\">\n\t\t\t\t\t\t<a itemprop=\"url\" href=\"#\" target=\"_blank\" style=\"color: #010101;background-color: #ffffff;border-color: #ffffff\" class=\"edgtf-btn edgtf-btn-large edgtf-btn-solid edgtf-btn-custom-hover-bg edgtf-btn-custom-border-hover edgtf-btn-custom-hover-color\" data-hover-bg-color=\"#f6f4ee\" data-hover-color=\"#010101\" data-hover-border-color=\"#f6f4ee\" >\t<span class=\"edgtf-btn-text\">subscr\u00edbete<\/span>    <\/a>\t\t\t\t\t<\/div>\n\t\t\t\t\t\t\t<\/div>\n\t\t\t\t<\/div>\n\t\t\t<\/div>\n[\/vc_column][\/vc_row]<\/p>\n<\/div>","protected":false},"excerpt":{"rendered":"<p>[vc_row el_class=&#8221;edgtf-rev-slider-row&#8221; css=&#8221;.vc_custom_1492688936205{background-color: #f6f4ee !important;}&#8221;][vc_column][rev_slider_vc alias=&#8221;home-1&#8243;][\/vc_column][\/vc_row][vc_row css=&#8221;.vc_custom_1492523439802{margin-right: 0px !important;margin-left: 0px !important;}&#8221;][vc_column offset=&#8221;vc_col-lg-4 vc_col-md-4 vc_col-xs-12&#8243; css=&#8221;.vc_custom_1491990590266{padding-right: 0px !important;padding-left: 0px !important;}&#8221;][\/vc_column][vc_column offset=&#8221;vc_col-lg-4 vc_col-md-4 vc_col-xs-12&#8243; css=&#8221;.vc_custom_1491309615421{padding-right: 0px !important;padding-left: 0px !important;}&#8221;][\/vc_column][vc_column offset=&#8221;vc_col-lg-4 vc_col-md-4 vc_col-xs-12&#8243; css=&#8221;.vc_custom_1491309622533{padding-right: 0px !important;padding-left: 0px !important;}&#8221;][\/vc_column][\/vc_row][vc_row css=&#8221;.vc_custom_1490694981697{padding-top: 95px !important;}&#8221;][vc_column][vc_column_text] About Us [\/vc_column_text][vc_empty_space height=&#8221;14px&#8221;][vc_row_inner content_width=&#8221;grid&#8221; css=&#8221;.vc_custom_1490777198078{padding-bottom: 70px !important;}&#8221;][vc_column_inner offset=&#8221;vc_col-lg-4 vc_col-md-4 vc_col-xs-12&#8243;][vc_single_image image=&#8221;19181&#8243; img_size=&#8221;large&#8221;][vc_empty_space height=&#8221;25px&#8221;][vc_column_text] Gremial [\/vc_column_text][vc_empty_space height=&#8221;18px&#8221;][vc_column_text]Our&#8230;<\/p>\n","protected":false},"author":1,"featured_media":0,"parent":0,"menu_order":0,"comment_status":"closed","ping_status":"closed","template":"full-width.php","meta":{"footnotes":""},"_links":{"self":[{"href":"https:\/\/asia.tmarketing.la\/en\/index.php\/wp-json\/wp\/v2\/pages\/20118"}],"collection":[{"href":"https:\/\/asia.tmarketing.la\/en\/index.php\/wp-json\/wp\/v2\/pages"}],"about":[{"href":"https:\/\/asia.tmarketing.la\/en\/index.php\/wp-json\/wp\/v2\/types\/page"}],"author":[{"embeddable":true,"href":"https:\/\/asia.tmarketing.la\/en\/index.php\/wp-json\/wp\/v2\/users\/1"}],"replies":[{"embeddable":true,"href":"https:\/\/asia.tmarketing.la\/en\/index.php\/wp-json\/wp\/v2\/comments?post=20118"}],"version-history":[{"count":0,"href":"https:\/\/asia.tmarketing.la\/en\/index.php\/wp-json\/wp\/v2\/pages\/20118\/revisions"}],"wp:attachment":[{"href":"https:\/\/asia.tmarketing.la\/en\/index.php\/wp-json\/wp\/v2\/media?parent=20118"}],"curies":[{"name":"wp","href":"https:\/\/api.w.org\/{rel}","templated":true}]}}