
{"id":16338,"date":"2017-04-24T09:25:31","date_gmt":"2017-04-24T09:25:31","guid":{"rendered":"https:\/\/goodwish.qodeinteractive.com\/?page_id=16338"},"modified":"2017-04-24T09:25:31","modified_gmt":"2017-04-24T09:25:31","slug":"event-carousel","status":"publish","type":"page","link":"https:\/\/asia.tmarketing.la\/index.php\/event-carousel\/","title":{"rendered":"Event Carousel"},"content":{"rendered":"<div class=\"wpb-content-wrapper\"><p>[vc_row content_width=\u00bbgrid\u00bb css=\u00bb.vc_custom_1492521648915{padding-top: 11px !important;padding-bottom: 11px !important;}\u00bb][vc_column]<div class=\"edgtf-event-list-holder edgtf-event-list-carousel edgtf-event-list-col-3 edgtf-event-list-parallax edgtf-event-list-appear-fx\" data-next-page= \"2\" data-type= \"carousel\" data-columns= \"3\" data-order-by= \"start-date\" data-order= \"ASC\" data-event-status= \"all\" data-number= \"6\" data-image-size= \"original\" data-show-more= \"none\" data-title-tag= \"h3\" data-parallax= \"yes\" data-appear-fx= \"yes\" data-max-num-pages = 2><div class=\"edgtf-event-list-holder-inner\" ><div class=\"edgtf-el-item edgtf-el-item-odd\">\n\t<div class=\"edgtf-el-item-inner\">\n\t\t<div class=\"edgtf-el-item-inner-holder\">\n\t\t\t<div class=\"edgtf-el-item-image\">\n\t\t\t\t<a href=\"https:\/\/asia.tmarketing.la\/index.php\/event\/semana-asia-2023\/\">\n\t\t\t\t<img loading=\"lazy\" decoding=\"async\" width=\"1600\" height=\"1066\" src=\"https:\/\/asia.tmarketing.la\/wp-content\/uploads\/2023\/10\/384121751_763102769145004_3360369405645587202_n.jpeg\" class=\"attachment-full size-full wp-post-image\" alt=\"\" srcset=\"https:\/\/asia.tmarketing.la\/wp-content\/uploads\/2023\/10\/384121751_763102769145004_3360369405645587202_n.jpeg 1600w, https:\/\/asia.tmarketing.la\/wp-content\/uploads\/2023\/10\/384121751_763102769145004_3360369405645587202_n-300x200.jpeg 300w, https:\/\/asia.tmarketing.la\/wp-content\/uploads\/2023\/10\/384121751_763102769145004_3360369405645587202_n-1024x682.jpeg 1024w, https:\/\/asia.tmarketing.la\/wp-content\/uploads\/2023\/10\/384121751_763102769145004_3360369405645587202_n-768x512.jpeg 768w, https:\/\/asia.tmarketing.la\/wp-content\/uploads\/2023\/10\/384121751_763102769145004_3360369405645587202_n-1536x1023.jpeg 1536w, https:\/\/asia.tmarketing.la\/wp-content\/uploads\/2023\/10\/384121751_763102769145004_3360369405645587202_n-280x187.jpeg 280w, https:\/\/asia.tmarketing.la\/wp-content\/uploads\/2023\/10\/384121751_763102769145004_3360369405645587202_n-600x400.jpeg 600w\" sizes=\"(max-width: 1600px) 100vw, 1600px\" \/>\t\t\t\t<\/a>\n\t\t\t<\/div>\n\t\t\t\t\t\t\t<div class=\"edgtf-el-item-date\">\n\t\t\t\t\t<span class=\"edgtf-el-item-day\">24<\/span>\n\t\t\t\t\t<div class=\"edgtf-el-item-my\">\n\t\t\t\t\t\t<span class=\"edgtf-el-item-month\">Sep<\/span>\n\t\t\t\t\t<\/div>\n\t\t\t\t<\/div>\n\t\t\t\t\t\t<div class=\"edgtf-el-item-content\" >\n\t\t\t\t<div class=\"edgtf-el-item-location-title-holder\">\n\t\t\t\t\t<h3 class=\"edgtf-el-item-title\">\n\t\t\t\t\t\t<a href=\"https:\/\/asia.tmarketing.la\/index.php\/event\/semana-asia-2023\/\">\n\t\t\t\t\t\t\tSEMANA ASIA 2023\t\t\t\t\t\t<\/a>\n\t\t\t\t\t<\/h3>\n\t\t\t\t\t\t\t\t\t   \t\t<div class=\"edgtf-el-item-time\">\n\t\t\t\t            <span>\n\t\t\t\t            \t8:00 AM - 09: 00 PM\t\t\t\t            <\/span>\n\t\t\t\t        <\/div>\n\t\t\t\t    \t\t\t\t    \t\t\t\t        <div class=\"edgtf-el-item-location\">\n\t\t\t\t            <span>ASIA <\/span>\n\t\t\t\t        <\/div>\n\t\t\t        \t\t\t        <div class=\"edgtf-el-read-more-link\">\n\t\t\t        \t<a href=\"https:\/\/asia.tmarketing.la\/index.php\/event\/semana-asia-2023\/\">Read More<\/a>\n\t\t\t        <\/div>\n\t\t\t\t<\/div>\n\t\t\t<\/div>\n\t\t<\/div>\n\t<\/div>\n<\/div><div class=\"edgtf-el-item edgtf-el-item-even\">\n\t<div class=\"edgtf-el-item-inner\">\n\t\t<div class=\"edgtf-el-item-inner-holder\">\n\t\t\t<div class=\"edgtf-el-item-image\">\n\t\t\t\t<a href=\"https:\/\/asia.tmarketing.la\/index.php\/event\/modelo-estructural-y-modelo-mep-hacia-un-flujo-bim\/\">\n\t\t\t\t\t\t\t\t<\/a>\n\t\t\t<\/div>\n\t\t\t\t\t\t\t<div class=\"edgtf-el-item-date\">\n\t\t\t\t\t<span class=\"edgtf-el-item-day\">01<\/span>\n\t\t\t\t\t<div class=\"edgtf-el-item-my\">\n\t\t\t\t\t\t<span class=\"edgtf-el-item-month\">Nov<\/span>\n\t\t\t\t\t<\/div>\n\t\t\t\t<\/div>\n\t\t\t\t\t\t<div class=\"edgtf-el-item-content\" >\n\t\t\t\t<div class=\"edgtf-el-item-location-title-holder\">\n\t\t\t\t\t<h3 class=\"edgtf-el-item-title\">\n\t\t\t\t\t\t<a href=\"https:\/\/asia.tmarketing.la\/index.php\/event\/modelo-estructural-y-modelo-mep-hacia-un-flujo-bim\/\">\n\t\t\t\t\t\t\tMODELO ESTRUCTURAL Y MODELO MEP HACIA UN FLUJO BIM\t\t\t\t\t\t<\/a>\n\t\t\t\t\t<\/h3>\n\t\t\t\t\t\t\t\t\t    \t\t\t        <div class=\"edgtf-el-read-more-link\">\n\t\t\t        \t<a href=\"https:\/\/asia.tmarketing.la\/index.php\/event\/modelo-estructural-y-modelo-mep-hacia-un-flujo-bim\/\">Read More<\/a>\n\t\t\t        <\/div>\n\t\t\t\t<\/div>\n\t\t\t<\/div>\n\t\t<\/div>\n\t<\/div>\n<\/div><div class=\"edgtf-el-item edgtf-el-item-odd\">\n\t<div class=\"edgtf-el-item-inner\">\n\t\t<div class=\"edgtf-el-item-inner-holder\">\n\t\t\t<div class=\"edgtf-el-item-image\">\n\t\t\t\t<a href=\"https:\/\/asia.tmarketing.la\/index.php\/event\/sistemas-constructivos-en-edificaciones-patrimoniales\/\">\n\t\t\t\t\t\t\t\t<\/a>\n\t\t\t<\/div>\n\t\t\t\t\t\t\t<div class=\"edgtf-el-item-date\">\n\t\t\t\t\t<span class=\"edgtf-el-item-day\">01<\/span>\n\t\t\t\t\t<div class=\"edgtf-el-item-my\">\n\t\t\t\t\t\t<span class=\"edgtf-el-item-month\">Nov<\/span>\n\t\t\t\t\t<\/div>\n\t\t\t\t<\/div>\n\t\t\t\t\t\t<div class=\"edgtf-el-item-content\" >\n\t\t\t\t<div class=\"edgtf-el-item-location-title-holder\">\n\t\t\t\t\t<h3 class=\"edgtf-el-item-title\">\n\t\t\t\t\t\t<a href=\"https:\/\/asia.tmarketing.la\/index.php\/event\/sistemas-constructivos-en-edificaciones-patrimoniales\/\">\n\t\t\t\t\t\t\tSISTEMAS CONSTRUCTIVOS EN EDIFICACIONES PATRIMONIALES\t\t\t\t\t\t<\/a>\n\t\t\t\t\t<\/h3>\n\t\t\t\t\t\t\t\t\t    \t\t\t        <div class=\"edgtf-el-read-more-link\">\n\t\t\t        \t<a href=\"https:\/\/asia.tmarketing.la\/index.php\/event\/sistemas-constructivos-en-edificaciones-patrimoniales\/\">Read More<\/a>\n\t\t\t        <\/div>\n\t\t\t\t<\/div>\n\t\t\t<\/div>\n\t\t<\/div>\n\t<\/div>\n<\/div><div class=\"edgtf-el-item edgtf-el-item-even\">\n\t<div class=\"edgtf-el-item-inner\">\n\t\t<div class=\"edgtf-el-item-inner-holder\">\n\t\t\t<div class=\"edgtf-el-item-image\">\n\t\t\t\t<a href=\"https:\/\/asia.tmarketing.la\/index.php\/event\/principios-y-metodos-generales-de-ingenieria-de-valuacion-aplicada-a-bienes-inmuebles-urbanos\/\">\n\t\t\t\t\t\t\t\t<\/a>\n\t\t\t<\/div>\n\t\t\t\t\t\t\t<div class=\"edgtf-el-item-date\">\n\t\t\t\t\t<span class=\"edgtf-el-item-day\">10<\/span>\n\t\t\t\t\t<div class=\"edgtf-el-item-my\">\n\t\t\t\t\t\t<span class=\"edgtf-el-item-month\">Nov<\/span>\n\t\t\t\t\t<\/div>\n\t\t\t\t<\/div>\n\t\t\t\t\t\t<div class=\"edgtf-el-item-content\" >\n\t\t\t\t<div class=\"edgtf-el-item-location-title-holder\">\n\t\t\t\t\t<h3 class=\"edgtf-el-item-title\">\n\t\t\t\t\t\t<a href=\"https:\/\/asia.tmarketing.la\/index.php\/event\/principios-y-metodos-generales-de-ingenieria-de-valuacion-aplicada-a-bienes-inmuebles-urbanos\/\">\n\t\t\t\t\t\t\tPRINCIPIOS Y M\u00c9TODOS GENERALES DE INGENIER\u00cdA DE VALUACI\u00d3N APLICADA A BIENES INMUEBLES URBANOS\t\t\t\t\t\t<\/a>\n\t\t\t\t\t<\/h3>\n\t\t\t\t\t\t\t\t\t    \t\t\t        <div class=\"edgtf-el-read-more-link\">\n\t\t\t        \t<a href=\"https:\/\/asia.tmarketing.la\/index.php\/event\/principios-y-metodos-generales-de-ingenieria-de-valuacion-aplicada-a-bienes-inmuebles-urbanos\/\">Read More<\/a>\n\t\t\t        <\/div>\n\t\t\t\t<\/div>\n\t\t\t<\/div>\n\t\t<\/div>\n\t<\/div>\n<\/div><div class=\"edgtf-el-item edgtf-el-item-odd\">\n\t<div class=\"edgtf-el-item-inner\">\n\t\t<div class=\"edgtf-el-item-inner-holder\">\n\t\t\t<div class=\"edgtf-el-item-image\">\n\t\t\t\t<a href=\"https:\/\/asia.tmarketing.la\/index.php\/event\/supervision-de-edificaciones-de-mamposteria-estructural\/\">\n\t\t\t\t\t\t\t\t<\/a>\n\t\t\t<\/div>\n\t\t\t\t\t\t\t<div class=\"edgtf-el-item-date\">\n\t\t\t\t\t<span class=\"edgtf-el-item-day\">13<\/span>\n\t\t\t\t\t<div class=\"edgtf-el-item-my\">\n\t\t\t\t\t\t<span class=\"edgtf-el-item-month\">Nov<\/span>\n\t\t\t\t\t<\/div>\n\t\t\t\t<\/div>\n\t\t\t\t\t\t<div class=\"edgtf-el-item-content\" >\n\t\t\t\t<div class=\"edgtf-el-item-location-title-holder\">\n\t\t\t\t\t<h3 class=\"edgtf-el-item-title\">\n\t\t\t\t\t\t<a href=\"https:\/\/asia.tmarketing.la\/index.php\/event\/supervision-de-edificaciones-de-mamposteria-estructural\/\">\n\t\t\t\t\t\t\tSUPERVISION DE EDIFICACIONES DE MAMPOSTERIA ESTRUCTURAL\t\t\t\t\t\t<\/a>\n\t\t\t\t\t<\/h3>\n\t\t\t\t\t\t\t\t\t    \t\t\t        <div class=\"edgtf-el-read-more-link\">\n\t\t\t        \t<a href=\"https:\/\/asia.tmarketing.la\/index.php\/event\/supervision-de-edificaciones-de-mamposteria-estructural\/\">Read More<\/a>\n\t\t\t        <\/div>\n\t\t\t\t<\/div>\n\t\t\t<\/div>\n\t\t<\/div>\n\t<\/div>\n<\/div><div class=\"edgtf-el-item edgtf-el-item-even\">\n\t<div class=\"edgtf-el-item-inner\">\n\t\t<div class=\"edgtf-el-item-inner-holder\">\n\t\t\t<div class=\"edgtf-el-item-image\">\n\t\t\t\t<a href=\"https:\/\/asia.tmarketing.la\/index.php\/event\/mediciones-topograficas-gps-con-la-tecnica-rtk-uhf-y-la-modalidad-ntrip-asociada-a-la-proyeccion-conica-conformal-de-lambert\/\">\n\t\t\t\t\t\t\t\t<\/a>\n\t\t\t<\/div>\n\t\t\t\t\t\t\t<div class=\"edgtf-el-item-date\">\n\t\t\t\t\t<span class=\"edgtf-el-item-day\">13<\/span>\n\t\t\t\t\t<div class=\"edgtf-el-item-my\">\n\t\t\t\t\t\t<span class=\"edgtf-el-item-month\">Nov<\/span>\n\t\t\t\t\t<\/div>\n\t\t\t\t<\/div>\n\t\t\t\t\t\t<div class=\"edgtf-el-item-content\" >\n\t\t\t\t<div class=\"edgtf-el-item-location-title-holder\">\n\t\t\t\t\t<h3 class=\"edgtf-el-item-title\">\n\t\t\t\t\t\t<a href=\"https:\/\/asia.tmarketing.la\/index.php\/event\/mediciones-topograficas-gps-con-la-tecnica-rtk-uhf-y-la-modalidad-ntrip-asociada-a-la-proyeccion-conica-conformal-de-lambert\/\">\n\t\t\t\t\t\t\tMEDICIONES TOPOGRAFICAS GPS CON LA T\u00c9CNICA RTK UHF Y LA MODALIDAD NTRIP ASOCIADA A LA PROYECCI\u00d3N C\u00d3NICA CONFORMAL DE LAMBERT\t\t\t\t\t\t<\/a>\n\t\t\t\t\t<\/h3>\n\t\t\t\t\t\t\t\t\t    \t\t\t        <div class=\"edgtf-el-read-more-link\">\n\t\t\t        \t<a href=\"https:\/\/asia.tmarketing.la\/index.php\/event\/mediciones-topograficas-gps-con-la-tecnica-rtk-uhf-y-la-modalidad-ntrip-asociada-a-la-proyeccion-conica-conformal-de-lambert\/\">Read More<\/a>\n\t\t\t        <\/div>\n\t\t\t\t<\/div>\n\t\t\t<\/div>\n\t\t<\/div>\n\t<\/div>\n<\/div><\/div><\/div>[\/vc_column][\/vc_row]<\/p>\n<\/div>","protected":false},"excerpt":{"rendered":"<p>[vc_row content_width=\u00bbgrid\u00bb css=\u00bb.vc_custom_1492521648915{padding-top: 11px !important;padding-bottom: 11px !important;}\u00bb][vc_column][\/vc_column][\/vc_row]<\/p>\n","protected":false},"author":1,"featured_media":0,"parent":0,"menu_order":0,"comment_status":"closed","ping_status":"closed","template":"full-width.php","meta":{"footnotes":""},"_links":{"self":[{"href":"https:\/\/asia.tmarketing.la\/index.php\/wp-json\/wp\/v2\/pages\/16338"}],"collection":[{"href":"https:\/\/asia.tmarketing.la\/index.php\/wp-json\/wp\/v2\/pages"}],"about":[{"href":"https:\/\/asia.tmarketing.la\/index.php\/wp-json\/wp\/v2\/types\/page"}],"author":[{"embeddable":true,"href":"https:\/\/asia.tmarketing.la\/index.php\/wp-json\/wp\/v2\/users\/1"}],"replies":[{"embeddable":true,"href":"https:\/\/asia.tmarketing.la\/index.php\/wp-json\/wp\/v2\/comments?post=16338"}],"version-history":[{"count":0,"href":"https:\/\/asia.tmarketing.la\/index.php\/wp-json\/wp\/v2\/pages\/16338\/revisions"}],"wp:attachment":[{"href":"https:\/\/asia.tmarketing.la\/index.php\/wp-json\/wp\/v2\/media?parent=16338"}],"curies":[{"name":"wp","href":"https:\/\/api.w.org\/{rel}","templated":true}]}}