
{"id":19247,"date":"2023-08-21T21:23:27","date_gmt":"2023-08-21T21:23:27","guid":{"rendered":"https:\/\/asia.tmarketing.la\/?page_id=19247"},"modified":"2023-10-23T21:04:36","modified_gmt":"2023-10-23T21:04:36","slug":"organizacion","status":"publish","type":"page","link":"https:\/\/asia.tmarketing.la\/index.php\/organizacion\/","title":{"rendered":"Organizaci\u00f3n"},"content":{"rendered":"<div class=\"wpb-content-wrapper\"><p>[vc_row][vc_column width=\u00bb1\/2&#8243; css=\u00bb.vc_custom_1692643250807{background-color: #11914a !important;}\u00bb][vc_empty_space height=\u00bb100px\u00bb][vc_empty_space height=\u00bb100px\u00bb][vc_column_text]<img loading=\"lazy\" decoding=\"async\" class=\"alignnone wp-image-19156 aligncenter\" src=\"http:\/\/asia.tmarketing.la\/wp-content\/uploads\/2023\/08\/Logo-de-ASIA-GREMIAL-BLANCO-300x92.png\" alt=\"\" width=\"170\" height=\"52\" srcset=\"https:\/\/asia.tmarketing.la\/wp-content\/uploads\/2023\/08\/Logo-de-ASIA-GREMIAL-BLANCO-300x92.png 300w, https:\/\/asia.tmarketing.la\/wp-content\/uploads\/2023\/08\/Logo-de-ASIA-GREMIAL-BLANCO-600x184.png 600w, https:\/\/asia.tmarketing.la\/wp-content\/uploads\/2023\/08\/Logo-de-ASIA-GREMIAL-BLANCO.png 709w\" sizes=\"(max-width: 170px) 100vw, 170px\" \/><\/p>\n<h1 style=\"text-align: center;\"><span style=\"color: #ffffff;\">Junta Directiva<\/span><\/h1>\n<h3 style=\"text-align: center;\"><span style=\"color: #ffffff;\">2023<\/span><\/h3>\n<p>[\/vc_column_text][vc_empty_space height=\u00bb100px\u00bb][vc_empty_space height=\u00bb100&#8243;][\/vc_column][vc_column width=\u00bb1\/2&#8243;][vc_row_inner][vc_column_inner offset=\u00bbvc_hidden-lg vc_hidden-md\u00bb][vc_empty_space][\/vc_column_inner][\/vc_row_inner][vc_row_inner][vc_column_inner width=\u00bb1\/2&#8243;]<div class=\"edgtf-elements-holder edgtf-responsive-mode-768\" ><div class=\"edgtf-elements-holder-item \" data-item-class=\"edgtf-elements-holder-custom-610449\" >\n\t\t<div class=\"edgtf-elements-holder-item-inner\">\n\t\t<div class=\"edgtf-elements-holder-item-content edgtf-elements-holder-custom-610449\" >\n\t\t\t\n<div class=\"edgtf-team main-info-below-image\">\n\t<div class=\"edgtf-team-inner\">\n\t\t\t\t\t<div class=\"edgtf-team-image\">\n                <img loading=\"lazy\" decoding=\"async\" width=\"708\" height=\"667\" src=\"https:\/\/asia.tmarketing.la\/wp-content\/uploads\/2023\/08\/Ing.-Alonso-Saravia.jpg\" class=\"attachment-full size-full\" alt=\"\" srcset=\"https:\/\/asia.tmarketing.la\/wp-content\/uploads\/2023\/08\/Ing.-Alonso-Saravia.jpg 708w, https:\/\/asia.tmarketing.la\/wp-content\/uploads\/2023\/08\/Ing.-Alonso-Saravia-300x283.jpg 300w, https:\/\/asia.tmarketing.la\/wp-content\/uploads\/2023\/08\/Ing.-Alonso-Saravia-600x565.jpg 600w\" sizes=\"(max-width: 708px) 100vw, 708px\" \/>                \t\t\t<\/div>\n\t\t\n\t\t\t\t\t<div class=\"edgtf-team-info\">\n\t\t\t\t\t\t\t\t\t<div class=\"edgtf-team-title-holder normal_social\">\n\t\t\t\t\t\t\t\t\t\t\t\t\t<h5 class=\"edgtf-team-name\" >\n\t\t\t\t\t\t\t\tIng. Alonso Valdemar Saravia Mendoza\t\t\t\t\t\t\t<\/h5>\n\t\t\t\t\t\t\t\t\t\t\t\t\t\t\t\t\t\t\t<p class=\"edgtf-team-position\" >Presidente<\/p>\n\t\t\t\t\t\t\t\t\t\t\t<\/div>\n\t\t\t\t\n\t\t\t\t\n\t\t<div class=\"edgtf-team-social-holder-between\">\n\t\t\t<div class=\"edgtf-team-social normal_social\">\n\t\t\t\t<div class=\"edgtf-team-social-inner\">\n\t\t\t\t\t<div class=\"edgtf-team-social-wrapp\">\n\n\t\t\t\t\t\t\n\t\t\t\t\t<\/div>\n\t\t\t\t<\/div>\n\t\t\t<\/div>\n\t\t<\/div>\n\n\t\t<\/div>\n\t<\/div>\n<\/div>\n<div class=\"edgtf-team main-info-below-image\">\n\t<div class=\"edgtf-team-inner\">\n\t\t\t\t\t<div class=\"edgtf-team-image\">\n                <img loading=\"lazy\" decoding=\"async\" width=\"708\" height=\"667\" src=\"https:\/\/asia.tmarketing.la\/wp-content\/uploads\/2023\/08\/Ing.-Carlos-Pastrana.jpg\" class=\"attachment-full size-full\" alt=\"\" srcset=\"https:\/\/asia.tmarketing.la\/wp-content\/uploads\/2023\/08\/Ing.-Carlos-Pastrana.jpg 708w, https:\/\/asia.tmarketing.la\/wp-content\/uploads\/2023\/08\/Ing.-Carlos-Pastrana-300x283.jpg 300w, https:\/\/asia.tmarketing.la\/wp-content\/uploads\/2023\/08\/Ing.-Carlos-Pastrana-600x565.jpg 600w\" sizes=\"(max-width: 708px) 100vw, 708px\" \/>                \t\t\t<\/div>\n\t\t\n\t\t\t\t\t<div class=\"edgtf-team-info\">\n\t\t\t\t\t\t\t\t\t<div class=\"edgtf-team-title-holder normal_social\">\n\t\t\t\t\t\t\t\t\t\t\t\t\t<h5 class=\"edgtf-team-name\" >\n\t\t\t\t\t\t\t\tMCA. Carlos Pastrana Palomo\t\t\t\t\t\t\t<\/h5>\n\t\t\t\t\t\t\t\t\t\t\t\t\t\t\t\t\t\t\t<p class=\"edgtf-team-position\" >Secretario<\/p>\n\t\t\t\t\t\t\t\t\t\t\t<\/div>\n\t\t\t\t\n\t\t\t\t\n\t\t<div class=\"edgtf-team-social-holder-between\">\n\t\t\t<div class=\"edgtf-team-social normal_social\">\n\t\t\t\t<div class=\"edgtf-team-social-inner\">\n\t\t\t\t\t<div class=\"edgtf-team-social-wrapp\">\n\n\t\t\t\t\t\t\n\t\t\t\t\t<\/div>\n\t\t\t\t<\/div>\n\t\t\t<\/div>\n\t\t<\/div>\n\n\t\t<\/div>\n\t<\/div>\n<\/div>\n<div class=\"edgtf-team main-info-below-image\">\n\t<div class=\"edgtf-team-inner\">\n\t\t\t\t\t<div class=\"edgtf-team-image\">\n                <img loading=\"lazy\" decoding=\"async\" width=\"708\" height=\"667\" src=\"https:\/\/asia.tmarketing.la\/wp-content\/uploads\/2023\/08\/Ing.-Julio-Alfaro.jpg\" class=\"attachment-full size-full\" alt=\"\" srcset=\"https:\/\/asia.tmarketing.la\/wp-content\/uploads\/2023\/08\/Ing.-Julio-Alfaro.jpg 708w, https:\/\/asia.tmarketing.la\/wp-content\/uploads\/2023\/08\/Ing.-Julio-Alfaro-300x283.jpg 300w, https:\/\/asia.tmarketing.la\/wp-content\/uploads\/2023\/08\/Ing.-Julio-Alfaro-600x565.jpg 600w\" sizes=\"(max-width: 708px) 100vw, 708px\" \/>                \t\t\t<\/div>\n\t\t\n\t\t\t\t\t<div class=\"edgtf-team-info\">\n\t\t\t\t\t\t\t\t\t<div class=\"edgtf-team-title-holder normal_social\">\n\t\t\t\t\t\t\t\t\t\t\t\t\t<h5 class=\"edgtf-team-name\" >\n\t\t\t\t\t\t\t\tIng. Julio David Alfaro\t\t\t\t\t\t\t<\/h5>\n\t\t\t\t\t\t\t\t\t\t\t\t\t\t\t\t\t\t\t<p class=\"edgtf-team-position\" >Protesorero<\/p>\n\t\t\t\t\t\t\t\t\t\t\t<\/div>\n\t\t\t\t\n\t\t\t\t\n\t\t<div class=\"edgtf-team-social-holder-between\">\n\t\t\t<div class=\"edgtf-team-social normal_social\">\n\t\t\t\t<div class=\"edgtf-team-social-inner\">\n\t\t\t\t\t<div class=\"edgtf-team-social-wrapp\">\n\n\t\t\t\t\t\t\n\t\t\t\t\t<\/div>\n\t\t\t\t<\/div>\n\t\t\t<\/div>\n\t\t<\/div>\n\n\t\t<\/div>\n\t<\/div>\n<\/div>\t\t<\/div>\n\t<\/div>\n\t<\/div><\/div>[\/vc_column_inner][vc_column_inner width=\u00bb1\/2&#8243;]<div class=\"edgtf-elements-holder edgtf-responsive-mode-768\" ><div class=\"edgtf-elements-holder-item \" data-item-class=\"edgtf-elements-holder-custom-406040\" >\n\t\t<div class=\"edgtf-elements-holder-item-inner\">\n\t\t<div class=\"edgtf-elements-holder-item-content edgtf-elements-holder-custom-406040\" >\n\t\t\t\n<div class=\"edgtf-team main-info-below-image\">\n\t<div class=\"edgtf-team-inner\">\n\t\t\t\t\t<div class=\"edgtf-team-image\">\n                <img loading=\"lazy\" decoding=\"async\" width=\"708\" height=\"667\" src=\"https:\/\/asia.tmarketing.la\/wp-content\/uploads\/2023\/08\/Ing.-Carlos-Zaldana.jpg\" class=\"attachment-full size-full\" alt=\"\" srcset=\"https:\/\/asia.tmarketing.la\/wp-content\/uploads\/2023\/08\/Ing.-Carlos-Zaldana.jpg 708w, https:\/\/asia.tmarketing.la\/wp-content\/uploads\/2023\/08\/Ing.-Carlos-Zaldana-300x283.jpg 300w, https:\/\/asia.tmarketing.la\/wp-content\/uploads\/2023\/08\/Ing.-Carlos-Zaldana-600x565.jpg 600w\" sizes=\"(max-width: 708px) 100vw, 708px\" \/>                \t\t\t<\/div>\n\t\t\n\t\t\t\t\t<div class=\"edgtf-team-info\">\n\t\t\t\t\t\t\t\t\t<div class=\"edgtf-team-title-holder normal_social\">\n\t\t\t\t\t\t\t\t\t\t\t\t\t<h5 class=\"edgtf-team-name\" >\n\t\t\t\t\t\t\t\tIng. Carlos Alfredo Zalda\u00f1a Trigueros\t\t\t\t\t\t\t<\/h5>\n\t\t\t\t\t\t\t\t\t\t\t\t\t\t\t\t\t\t\t<p class=\"edgtf-team-position\" >Vicepresidente<\/p>\n\t\t\t\t\t\t\t\t\t\t\t<\/div>\n\t\t\t\t\n\t\t\t\t\n\t\t<div class=\"edgtf-team-social-holder-between\">\n\t\t\t<div class=\"edgtf-team-social normal_social\">\n\t\t\t\t<div class=\"edgtf-team-social-inner\">\n\t\t\t\t\t<div class=\"edgtf-team-social-wrapp\">\n\n\t\t\t\t\t\t\n\t\t\t\t\t<\/div>\n\t\t\t\t<\/div>\n\t\t\t<\/div>\n\t\t<\/div>\n\n\t\t<\/div>\n\t<\/div>\n<\/div>\n<div class=\"edgtf-team main-info-below-image\">\n\t<div class=\"edgtf-team-inner\">\n\t\t\t\t\t<div class=\"edgtf-team-image\">\n                <img loading=\"lazy\" decoding=\"async\" width=\"708\" height=\"667\" src=\"https:\/\/asia.tmarketing.la\/wp-content\/uploads\/2023\/08\/Ing.-Roberto-Ramirez.jpg\" class=\"attachment-full size-full\" alt=\"\" srcset=\"https:\/\/asia.tmarketing.la\/wp-content\/uploads\/2023\/08\/Ing.-Roberto-Ramirez.jpg 708w, https:\/\/asia.tmarketing.la\/wp-content\/uploads\/2023\/08\/Ing.-Roberto-Ramirez-300x283.jpg 300w, https:\/\/asia.tmarketing.la\/wp-content\/uploads\/2023\/08\/Ing.-Roberto-Ramirez-600x565.jpg 600w\" sizes=\"(max-width: 708px) 100vw, 708px\" \/>                \t\t\t<\/div>\n\t\t\n\t\t\t\t\t<div class=\"edgtf-team-info\">\n\t\t\t\t\t\t\t\t\t<div class=\"edgtf-team-title-holder normal_social\">\n\t\t\t\t\t\t\t\t\t\t\t\t\t<h5 class=\"edgtf-team-name\" >\n\t\t\t\t\t\t\t\tIng. Jos\u00e9 Roberto Ram\u00edrez Pe\u00f1ate\t\t\t\t\t\t\t<\/h5>\n\t\t\t\t\t\t\t\t\t\t\t\t\t\t\t\t\t\t\t<p class=\"edgtf-team-position\" >Tesorero<\/p>\n\t\t\t\t\t\t\t\t\t\t\t<\/div>\n\t\t\t\t\n\t\t\t\t\n\t\t<div class=\"edgtf-team-social-holder-between\">\n\t\t\t<div class=\"edgtf-team-social normal_social\">\n\t\t\t\t<div class=\"edgtf-team-social-inner\">\n\t\t\t\t\t<div class=\"edgtf-team-social-wrapp\">\n\n\t\t\t\t\t\t\n\t\t\t\t\t<\/div>\n\t\t\t\t<\/div>\n\t\t\t<\/div>\n\t\t<\/div>\n\n\t\t<\/div>\n\t<\/div>\n<\/div>\n<div class=\"edgtf-team main-info-below-image\">\n\t<div class=\"edgtf-team-inner\">\n\t\t\t\t\t<div class=\"edgtf-team-image\">\n                <img loading=\"lazy\" decoding=\"async\" width=\"708\" height=\"667\" src=\"https:\/\/asia.tmarketing.la\/wp-content\/uploads\/2023\/08\/Ing.Oscar-Portillo-.jpg\" class=\"attachment-full size-full\" alt=\"\" srcset=\"https:\/\/asia.tmarketing.la\/wp-content\/uploads\/2023\/08\/Ing.Oscar-Portillo-.jpg 708w, https:\/\/asia.tmarketing.la\/wp-content\/uploads\/2023\/08\/Ing.Oscar-Portillo--300x283.jpg 300w, https:\/\/asia.tmarketing.la\/wp-content\/uploads\/2023\/08\/Ing.Oscar-Portillo--600x565.jpg 600w\" sizes=\"(max-width: 708px) 100vw, 708px\" \/>                \t\t\t<\/div>\n\t\t\n\t\t\t\t\t<div class=\"edgtf-team-info\">\n\t\t\t\t\t\t\t\t\t<div class=\"edgtf-team-title-holder normal_social\">\n\t\t\t\t\t\t\t\t\t\t\t\t\t<h5 class=\"edgtf-team-name\" >\n\t\t\t\t\t\t\t\tIng. Oscar Amilcar Portillo Portillo\t\t\t\t\t\t\t<\/h5>\n\t\t\t\t\t\t\t\t\t\t\t\t\t\t\t\t\t\t\t<p class=\"edgtf-team-position\" >Prosecretario<\/p>\n\t\t\t\t\t\t\t\t\t\t\t<\/div>\n\t\t\t\t\n\t\t\t\t\n\t\t<div class=\"edgtf-team-social-holder-between\">\n\t\t\t<div class=\"edgtf-team-social normal_social\">\n\t\t\t\t<div class=\"edgtf-team-social-inner\">\n\t\t\t\t\t<div class=\"edgtf-team-social-wrapp\">\n\n\t\t\t\t\t\t\n\t\t\t\t\t<\/div>\n\t\t\t\t<\/div>\n\t\t\t<\/div>\n\t\t<\/div>\n\n\t\t<\/div>\n\t<\/div>\n<\/div>\t\t<\/div>\n\t<\/div>\n\t<\/div><\/div>[\/vc_column_inner][vc_column_inner][\/vc_column_inner][\/vc_row_inner][\/vc_column][\/vc_row][vc_section][vc_row][vc_column][vc_empty_space][\/vc_column][\/vc_row][\/vc_section][vc_row css=\u00bb.vc_custom_1692655649412{background-image: url(http:\/\/asia.tmarketing.la\/wp-content\/uploads\/2023\/08\/Fondo-ASIA.jpg?id=19244) !important;}\u00bb][vc_column][vc_empty_space][vc_column_text]<\/p>\n<h3 style=\"text-align: center;\"><b>CONSEJO DE AUDITORIA GREMIAL<\/b><\/h3>\n<p>[\/vc_column_text][vc_empty_space][vc_row_inner][vc_column_inner width=\u00bb1\/2&#8243;][vc_column_text]<\/p>\n<p style=\"text-align: center;\">Ing. Porfirio Lagos<br \/>\n<strong>Presidente<\/strong><\/p>\n<p>[\/vc_column_text][vc_empty_space height=\u00bb15px\u00bb][vc_column_text]<\/p>\n<p style=\"text-align: center;\">Ing. Roberto Atilio Moreira<br \/>\n<strong>Secretario<\/strong><\/p>\n<p>[\/vc_column_text][\/vc_column_inner][vc_column_inner width=\u00bb1\/2&#8243;][vc_column_text]<\/p>\n<p style=\"text-align: center;\">Ing. Jos\u00e9 Mario Sorto<br \/>\n<strong>Miembro Propietario<\/strong><\/p>\n<p>[\/vc_column_text][vc_empty_space height=\u00bb15px\u00bb][vc_column_text]<\/p>\n<p style=\"text-align: center;\">Ing. Rolando N\u00e9stor Espa\u00f1a<br \/>\n<strong>Miembro Suplente<\/strong><\/p>\n<p>[\/vc_column_text][\/vc_column_inner][\/vc_row_inner][vc_empty_space][\/vc_column][\/vc_row][vc_row][vc_column][vc_empty_space][\/vc_column][\/vc_row][vc_row][vc_column width=\u00bb1\/2&#8243; css=\u00bb.vc_custom_1692655796849{background-color: #ee960e !important;}\u00bb][vc_empty_space height=\u00bb100px\u00bb][vc_empty_space height=\u00bb125px\u00bb][vc_column_text]<img loading=\"lazy\" decoding=\"async\" class=\"alignnone wp-image-19156 aligncenter\" src=\"http:\/\/asia.tmarketing.la\/wp-content\/uploads\/2023\/08\/Logo-de-ASIA-GREMIAL-BLANCO-300x92.png\" alt=\"\" width=\"170\" height=\"52\" srcset=\"https:\/\/asia.tmarketing.la\/wp-content\/uploads\/2023\/08\/Logo-de-ASIA-GREMIAL-BLANCO-300x92.png 300w, https:\/\/asia.tmarketing.la\/wp-content\/uploads\/2023\/08\/Logo-de-ASIA-GREMIAL-BLANCO-600x184.png 600w, https:\/\/asia.tmarketing.la\/wp-content\/uploads\/2023\/08\/Logo-de-ASIA-GREMIAL-BLANCO.png 709w\" sizes=\"(max-width: 170px) 100vw, 170px\" \/><\/p>\n<h1 style=\"text-align: center;\"><span style=\"color: #ffffff;\">Organigrama<\/span><\/h1>\n<p>[\/vc_column_text][vc_empty_space height=\u00bb200px\u00bb][vc_empty_space height=\u00bb100px\u00bb][\/vc_column][vc_column width=\u00bb1\/2&#8243;][vc_single_image image=\u00bb19299&#8243; img_size=\u00bblarge\u00bb][\/vc_column][\/vc_row]<\/p>\n<\/div>","protected":false},"excerpt":{"rendered":"<p>[vc_row][vc_column width=\u00bb1\/2&#8243; css=\u00bb.vc_custom_1692643250807{background-color: #11914a !important;}\u00bb][vc_empty_space height=\u00bb100px\u00bb][vc_empty_space height=\u00bb100px\u00bb][vc_column_text] Junta Directiva 2023 [\/vc_column_text][vc_empty_space height=\u00bb100px\u00bb][vc_empty_space height=\u00bb100&#8243;][\/vc_column][vc_column width=\u00bb1\/2&#8243;][vc_row_inner][vc_column_inner offset=\u00bbvc_hidden-lg vc_hidden-md\u00bb][vc_empty_space][\/vc_column_inner][\/vc_row_inner][vc_row_inner][vc_column_inner width=\u00bb1\/2&#8243;][\/vc_column_inner][vc_column_inner width=\u00bb1\/2&#8243;][\/vc_column_inner][vc_column_inner][\/vc_column_inner][\/vc_row_inner][\/vc_column][\/vc_row][vc_section][vc_row][vc_column][vc_empty_space][\/vc_column][\/vc_row][\/vc_section][vc_row css=\u00bb.vc_custom_1692655649412{background-image: url(http:\/\/asia.tmarketing.la\/wp-content\/uploads\/2023\/08\/Fondo-ASIA.jpg?id=19244) !important;}\u00bb][vc_column][vc_empty_space][vc_column_text] CONSEJO DE AUDITORIA GREMIAL [\/vc_column_text][vc_empty_space][vc_row_inner][vc_column_inner width=\u00bb1\/2&#8243;][vc_column_text] Ing. Porfirio Lagos Presidente [\/vc_column_text][vc_empty_space height=\u00bb15px\u00bb][vc_column_text] Ing. Roberto Atilio Moreira Secretario [\/vc_column_text][\/vc_column_inner][vc_column_inner width=\u00bb1\/2&#8243;][vc_column_text] Ing. Jos\u00e9 Mario Sorto Miembro Propietario [\/vc_column_text][vc_empty_space height=\u00bb15px\u00bb][vc_column_text] Ing. Rolando N\u00e9stor Espa\u00f1a Miembro Suplente [\/vc_column_text][\/vc_column_inner][\/vc_row_inner][vc_empty_space][\/vc_column][\/vc_row][vc_row][vc_column][vc_empty_space][\/vc_column][\/vc_row][vc_row][vc_column&#8230;<\/p>\n","protected":false},"author":1,"featured_media":0,"parent":0,"menu_order":0,"comment_status":"closed","ping_status":"closed","template":"","meta":{"footnotes":""},"_links":{"self":[{"href":"https:\/\/asia.tmarketing.la\/index.php\/wp-json\/wp\/v2\/pages\/19247"}],"collection":[{"href":"https:\/\/asia.tmarketing.la\/index.php\/wp-json\/wp\/v2\/pages"}],"about":[{"href":"https:\/\/asia.tmarketing.la\/index.php\/wp-json\/wp\/v2\/types\/page"}],"author":[{"embeddable":true,"href":"https:\/\/asia.tmarketing.la\/index.php\/wp-json\/wp\/v2\/users\/1"}],"replies":[{"embeddable":true,"href":"https:\/\/asia.tmarketing.la\/index.php\/wp-json\/wp\/v2\/comments?post=19247"}],"version-history":[{"count":54,"href":"https:\/\/asia.tmarketing.la\/index.php\/wp-json\/wp\/v2\/pages\/19247\/revisions"}],"predecessor-version":[{"id":19841,"href":"https:\/\/asia.tmarketing.la\/index.php\/wp-json\/wp\/v2\/pages\/19247\/revisions\/19841"}],"wp:attachment":[{"href":"https:\/\/asia.tmarketing.la\/index.php\/wp-json\/wp\/v2\/media?parent=19247"}],"curies":[{"name":"wp","href":"https:\/\/api.w.org\/{rel}","templated":true}]}}