
{"id":19301,"date":"2023-08-21T22:54:31","date_gmt":"2023-08-21T22:54:31","guid":{"rendered":"https:\/\/asia.tmarketing.la\/?page_id=19301"},"modified":"2023-10-23T21:07:59","modified_gmt":"2023-10-23T21:07:59","slug":"comites","status":"publish","type":"page","link":"https:\/\/asia.tmarketing.la\/index.php\/comites\/","title":{"rendered":"COMIT\u00c9S T\u00c9CNICOS DE APOYO"},"content":{"rendered":"<div class=\"wpb-content-wrapper\"><p>[vc_row][vc_column][vc_empty_space][vc_column_text]<\/p>\n<h3 style=\"text-align: center;\"><span style=\"color: #339966;\">COMIT\u00c9S ADMINISTRATIVOS<\/span><\/h3>\n<p>[\/vc_column_text][vc_empty_space height=\u00bb64px\u00bb][\/vc_column][\/vc_row][vc_row][vc_column width=\u00bb1\/2&#8243;]<div class=\"edgtf-elements-holder edgtf-responsive-mode-768\" ><div class=\"edgtf-elements-holder-item \" data-item-class=\"edgtf-elements-holder-custom-544947\" >\n\t\t<div class=\"edgtf-elements-holder-item-inner\">\n\t\t<div class=\"edgtf-elements-holder-item-content edgtf-elements-holder-custom-544947\" >\n\t\t\t<div class=\"edgtf-iwt clearfix edgtf-iwt-icon-top edgtf-iwt-icon-large\">\n    <div class=\"edgtf-iwt-icon-holder\">\n                    \n    <span class=\"edgtf-icon-shortcode circle edgtf-icon-large\"  data-color=\"#57c10b\">\n        \n        <i class=\"edgtf-icon-font-awesome fa fa-user edgtf-icon-element\" style=\"color: #57c10b\" ><\/i>\n            <\/span>\n\n            <\/div>\n    <div class=\"edgtf-iwt-content-holder\" >\n        <div class=\"edgtf-iwt-title-holder\">\n\t\t\t                                    <h4 >COMIT\u00c9 DE PROYECCI\u00d3N SOCIAL<\/h4>\n                                    <\/div>\n        <div class=\"edgtf-iwt-text-holder\">\n            <p ><\/p>\n\n                    <\/div>\n    <\/div>\n<\/div><div class=\"edgtf-unordered-list  edgtf-square\" style=\"padding-left: 50px;\">\n<ul>\n<li>Ing. Jos\u00e9 Roberto Ram\u00edrez Pe\u00f1ate \u00a0&#8211; Coordinador<\/li>\n<li>Ing. Otto Nelson Barrientos<\/li>\n<li>Ing. Everardo Mej\u00eda Mej\u00eda<\/li>\n<li>Ing. Mois\u00e9s Vides Oliva<\/li>\n<\/ul>\n<\/div>[vc_empty_space]\t\t<\/div>\n\t<\/div>\n\t<\/div><\/div><div class=\"edgtf-elements-holder edgtf-responsive-mode-768\" ><div class=\"edgtf-elements-holder-item \" data-item-class=\"edgtf-elements-holder-custom-353191\" >\n\t\t<div class=\"edgtf-elements-holder-item-inner\">\n\t\t<div class=\"edgtf-elements-holder-item-content edgtf-elements-holder-custom-353191\" >\n\t\t\t<div class=\"edgtf-iwt clearfix edgtf-iwt-icon-top edgtf-iwt-icon-large\">\n    <div class=\"edgtf-iwt-icon-holder\">\n                    \n    <span class=\"edgtf-icon-shortcode circle edgtf-icon-large\"  data-color=\"#57c10b\">\n        \n        <i class=\"edgtf-icon-font-awesome fa fa-users edgtf-icon-element\" style=\"color: #57c10b\" ><\/i>\n            <\/span>\n\n            <\/div>\n    <div class=\"edgtf-iwt-content-holder\" >\n        <div class=\"edgtf-iwt-title-holder\">\n\t\t\t                                    <h4 >COMIT\u00c9 DE DEFENSA GREMIAL Y PROFESIONAL<\/h4>\n                                    <\/div>\n        <div class=\"edgtf-iwt-text-holder\">\n            <p ><\/p>\n\n                    <\/div>\n    <\/div>\n<\/div><div class=\"edgtf-unordered-list  edgtf-square\" style=\"padding-left: 50px;\">\n<ul>\n<li>Ing. Mauricio Isa\u00edas Vel\u00e1squez Paz \u2013 Coordinador<\/li>\n<li>Ing. H\u00e9ctor Mauricio Garay<\/li>\n<li>Arq. Benjam\u00edn Flores<\/li>\n<li>Arq. Walter Giovanni Santos Aguilar<\/li>\n<li>Arq. Raul Alexander Fabian Orellana<\/li>\n<li>Ing. Jorge An\u00edbal Moreira Cruz<\/li>\n<\/ul>\n<\/div>\t\t<\/div>\n\t<\/div>\n\t<\/div><\/div>[\/vc_column][vc_column width=\u00bb1\/2&#8243;]<div class=\"edgtf-elements-holder edgtf-responsive-mode-768\" ><div class=\"edgtf-elements-holder-item \" data-item-class=\"edgtf-elements-holder-custom-243718\" >\n\t\t<div class=\"edgtf-elements-holder-item-inner\">\n\t\t<div class=\"edgtf-elements-holder-item-content edgtf-elements-holder-custom-243718\" >\n\t\t\t<div class=\"edgtf-iwt clearfix edgtf-iwt-icon-top edgtf-iwt-icon-large\">\n    <div class=\"edgtf-iwt-icon-holder\">\n                    \n    <span class=\"edgtf-icon-shortcode circle edgtf-icon-large\"  data-color=\"#57c10b\">\n        \n        <i class=\"edgtf-icon-font-awesome fa fa-users edgtf-icon-element\" style=\"color: #57c10b\" ><\/i>\n            <\/span>\n\n            <\/div>\n    <div class=\"edgtf-iwt-content-holder\" >\n        <div class=\"edgtf-iwt-title-holder\">\n\t\t\t                                    <h4 >COMIT\u00c9 DE CULTURA Y DEPORTES<\/h4>\n                                    <\/div>\n        <div class=\"edgtf-iwt-text-holder\">\n            <p ><\/p>\n\n                    <\/div>\n    <\/div>\n<\/div><div class=\"edgtf-unordered-list  edgtf-square\" style=\"padding-left: 50px;\">\n<ul>\n<li>Ing. Roberto Atilio Moreira \u2013 Presidente<\/li>\n<li>Ing. Oscar Am\u00edlcar Portillo &#8211; Secretario<\/li>\n<li>Arq. Fredy Oswaldo Delgado &#8211; Vocal propietario<\/li>\n<li>Ing. Carlos Pastrana Palomo &#8211; Vocal propietario<\/li>\n<li>Ing. Luis Armando Pineda &#8211; Vocal propietario<\/li>\n<\/ul>\n<\/div>\t\t<\/div>\n\t<\/div>\n\t<\/div><\/div><div class=\"edgtf-elements-holder edgtf-responsive-mode-768\" ><div class=\"edgtf-elements-holder-item \" data-item-class=\"edgtf-elements-holder-custom-454808\" >\n\t\t<div class=\"edgtf-elements-holder-item-inner\">\n\t\t<div class=\"edgtf-elements-holder-item-content edgtf-elements-holder-custom-454808\" >\n\t\t\t<div class=\"edgtf-iwt clearfix edgtf-iwt-icon-top edgtf-iwt-icon-large\">\n    <div class=\"edgtf-iwt-icon-holder\">\n                    \n    <span class=\"edgtf-icon-shortcode circle edgtf-icon-large\"  data-color=\"#57c10b\">\n        \n        <i class=\"edgtf-icon-font-awesome fa fa-drivers-license edgtf-icon-element\" style=\"color: #57c10b\" ><\/i>\n            <\/span>\n\n            <\/div>\n    <div class=\"edgtf-iwt-content-holder\" >\n        <div class=\"edgtf-iwt-title-holder\">\n\t\t\t                                    <h4 >COMIT\u00c9 DE CAPACITACI\u00d3N Y EDUCACI\u00d3N CONTIN\u00daA<\/h4>\n                                    <\/div>\n        <div class=\"edgtf-iwt-text-holder\">\n            <p ><\/p>\n\n                    <\/div>\n    <\/div>\n<\/div><div class=\"edgtf-unordered-list  edgtf-square\" style=\"padding-left: 50px;\">\n<ul>\n<li>Ing. Mario Fredy Hern\u00e1ndez \u2013 Coordinador<\/li>\n<li>Ing. Luis Armando Pineda<\/li>\n<li>Dr. Oscar Mauricio Barrios<\/li>\n<li>Licda. Lois Vera Hern\u00e1ndez Monge (Gerente Administrativa)<\/li>\n<li>Sra. Clelian Ester Guardado Valle (Asistente educaci\u00f3n continua)<\/li>\n<\/ul>\n<\/div>[vc_empty_space]\t\t<\/div>\n\t<\/div>\n\t<\/div><\/div>[\/vc_column][\/vc_row][vc_row][vc_column][vc_row_inner][vc_column_inner][vc_empty_space][\/vc_column_inner][\/vc_row_inner][\/vc_column][\/vc_row][vc_row content_aligment=\u00bbcenter\u00bb css=\u00bb.vc_custom_1697481453725{background-color: #f9f6ed !important;}\u00bb][vc_column][vc_empty_space]<div class=\"edgtf-elements-holder edgtf-responsive-mode-768\" ><div class=\"edgtf-elements-holder-item \" data-item-class=\"edgtf-elements-holder-custom-435961\" >\n\t\t<div class=\"edgtf-elements-holder-item-inner\">\n\t\t<div class=\"edgtf-elements-holder-item-content edgtf-elements-holder-custom-435961\" >\n\t\t\t<div class=\"edgtf-iwt clearfix edgtf-iwt-icon-top edgtf-iwt-icon-large\">\n    <div class=\"edgtf-iwt-icon-holder\">\n                    <div class=\"edgtf-iwt-custom-icon\" >\n                <img loading=\"lazy\" decoding=\"async\" width=\"125\" height=\"125\" src=\"https:\/\/asia.tmarketing.la\/wp-content\/uploads\/2023\/10\/icono-centenario-100.png\" class=\"attachment-full size-full\" alt=\"\" srcset=\"https:\/\/asia.tmarketing.la\/wp-content\/uploads\/2023\/10\/icono-centenario-100.png 125w, https:\/\/asia.tmarketing.la\/wp-content\/uploads\/2023\/10\/icono-centenario-100-100x100.png 100w\" sizes=\"(max-width: 125px) 100vw, 125px\" \/>                                            <\/div>\n            <\/div>\n    <div class=\"edgtf-iwt-content-holder\" >\n        <div class=\"edgtf-iwt-title-holder\">\n\t\t\t                                    <h4 >COMIT\u00c9 CENTENARIO<\/h4>\n                                    <\/div>\n        <div class=\"edgtf-iwt-text-holder\">\n            <p ><\/p>\n\n                    <\/div>\n    <\/div>\n<\/div><div class=\"edgtf-unordered-list  edgtf-square\" style=\"padding-left: 50px;\">\n<ul>\n<li>Ing. Alonso Valdemar Saravia Mendoza \u2013 Coordinador y actual presidente de ASIA<\/li>\n<li>Ing. Guillermo Uma\u00f1a \u2013 Expresidente de ASIA, premio al gremialismo e ingeniero del a\u00f1o<\/li>\n<li>Arq. Juan Jos\u00e9 Rodr\u00edguez \u2013 Premio del Arquitecto ASIA<\/li>\n<li>Dr. Jorge Hern\u00e1ndez \u2013 Rector Albert Einstein, Premio al arquitecto del a\u00f1o<\/li>\n<li>Arq. Rosa Amelia Mart\u00ednez \u2013 Premio ASIA a la Docencia y arquitecto del a\u00f1o<\/li>\n<li>Lic. Alfredo Ram\u00edrez \u2013 Historiador Ing. Carlos Pastrana \u2013 Secretario de la junta directiva, miembro del foro del centro hist\u00f3rico<\/li>\n<li>Ing. Jorge Sansivirini Maga\u00f1a \u2013 Expresidente de ASIA, premio al ingeniero del a\u00f1o<\/li>\n<li>Ing. Mario Sorto \u2013 Expresidente de ASIA, ingeniero del a\u00f1o<\/li>\n<\/ul>\n<\/div>\t\t<\/div>\n\t<\/div>\n\t<\/div><\/div>[vc_empty_space][\/vc_column][\/vc_row][vc_row][vc_column][vc_empty_space height=\u00bb75px\u00bb][vc_column_text]<\/p>\n<h3 style=\"text-align: center;\"><span style=\"color: #339966;\">COMIT\u00c9S TECNICOS<\/span><\/h3>\n<p>[\/vc_column_text][vc_empty_space height=\u00bb64px\u00bb][\/vc_column][\/vc_row][vc_row][vc_column width=\u00bb1\/3&#8243;]<div class=\"edgtf-elements-holder edgtf-responsive-mode-768\" ><div class=\"edgtf-elements-holder-item \" data-item-class=\"edgtf-elements-holder-custom-331753\" >\n\t\t<div class=\"edgtf-elements-holder-item-inner\">\n\t\t<div class=\"edgtf-elements-holder-item-content edgtf-elements-holder-custom-331753\" >\n\t\t\t<div class=\"edgtf-iwt clearfix edgtf-iwt-icon-top edgtf-iwt-icon-large\">\n    <div class=\"edgtf-iwt-icon-holder\">\n                    \n    <span class=\"edgtf-icon-shortcode circle edgtf-icon-large\"  data-color=\"#57c10b\">\n        \n        <i class=\"edgtf-icon-font-awesome fa fa-building-o edgtf-icon-element\" style=\"color: #57c10b\" ><\/i>\n            <\/span>\n\n            <\/div>\n    <div class=\"edgtf-iwt-content-holder\" >\n        <div class=\"edgtf-iwt-title-holder\">\n\t\t\t                                    <h4 >COMIT\u00c9 DE GESTI\u00d3N DE RIESGOS.<\/h4>\n                                    <\/div>\n        <div class=\"edgtf-iwt-text-holder\">\n            <p ><\/p>\n\n                    <\/div>\n    <\/div>\n<\/div>[vc_column_text]<\/p>\n<p style=\"text-align: center;\">Ing. Kevin Cruz L\u00f3pez \u2013 Coordinador<\/p>\n<p style=\"text-align: center;\"><strong>Miembros:<\/strong><\/p>\n<p>[\/vc_column_text]<div class=\"edgtf-unordered-list  edgtf-square\" style=\"padding-left: 50px;\">\n<ul>\n<li>Ing. Danilo Vega<\/li>\n<li>Ing. Carlos Humberto Moreno<\/li>\n<li>Ing. Rafael Retana<\/li>\n<li>Dr. Edgar Armando Pe\u00f1a<\/li>\n<li>Ing. Carlos Ra\u00fal Majano<\/li>\n<li>Ing. Rene Vanegas<\/li>\n<li>Ing. Francisco Rene Guti\u00e9rrez Portillo<\/li>\n<li>Ing. Ana Elena Melgar (Coordinadora)<\/li>\n<li>Ing. Francisco Rodrigo Ram\u00edrez (secretario)<\/li>\n<li>Ing. Oscar Alberto V\u00e1squez<\/li>\n<li>Ing. Francisco Javier Bola\u00f1os Medina<\/li>\n<li>MSc. Everardo Mej\u00eda<\/li>\n<li>Ing. Antonio Canales Rivas<\/li>\n<li>Ing. Jorge Basagoitia Garc\u00eda<\/li>\n<li>Ing. Ernesto Galeano Ben\u00edtez<\/li>\n<li>Ing. Carlos Orlando Azucena<\/li>\n<\/ul>\n<\/div>\t\t<\/div>\n\t<\/div>\n\t<\/div><\/div>[\/vc_column][vc_column width=\u00bb1\/3&#8243;]<div class=\"edgtf-elements-holder edgtf-responsive-mode-768\" ><div class=\"edgtf-elements-holder-item \" data-item-class=\"edgtf-elements-holder-custom-912923\" >\n\t\t<div class=\"edgtf-elements-holder-item-inner\">\n\t\t<div class=\"edgtf-elements-holder-item-content edgtf-elements-holder-custom-912923\" >\n\t\t\t<div class=\"edgtf-iwt clearfix edgtf-iwt-icon-top edgtf-iwt-icon-large\">\n    <div class=\"edgtf-iwt-icon-holder\">\n                    \n    <span class=\"edgtf-icon-shortcode circle edgtf-icon-large\"  data-color=\"#57c10b\">\n        \n        <i class=\"edgtf-icon-font-awesome fa fa-bolt edgtf-icon-element\" style=\"color: #57c10b\" ><\/i>\n            <\/span>\n\n            <\/div>\n    <div class=\"edgtf-iwt-content-holder\" >\n        <div class=\"edgtf-iwt-title-holder\">\n\t\t\t                                    <h4 >COMIT\u00c9 DE ENERG\u00cdA<\/h4>\n                                    <\/div>\n        <div class=\"edgtf-iwt-text-holder\">\n            <p ><\/p>\n\n                    <\/div>\n    <\/div>\n<\/div><div class=\"edgtf-unordered-list  edgtf-square\" style=\"padding-left: 50px;\">\n<ul>\n<li>Ing. Ana Elena Melgar (Coordinadora)<\/li>\n<li>Ing. Francisco Rodrigo Ram\u00edrez (secretario)<\/li>\n<li>Ing. Oscar Alberto V\u00e1squez<\/li>\n<li>Ing. Francisco Javier Bola\u00f1os Medina<\/li>\n<li>MSc. Everardo Mej\u00eda<\/li>\n<li>Ing. Antonio Canales Rivas<\/li>\n<li>Ing. Jorge Basagoitia Garc\u00eda<\/li>\n<li>Ing. Ernesto Galeano Ben\u00edtez<\/li>\n<li>Ing. Carlos Orlando Azucena<\/li>\n<\/ul>\n<\/div>\t\t<\/div>\n\t<\/div>\n\t<\/div><\/div>[\/vc_column][vc_column width=\u00bb1\/3&#8243;]<div class=\"edgtf-elements-holder edgtf-responsive-mode-768\" ><div class=\"edgtf-elements-holder-item \" data-item-class=\"edgtf-elements-holder-custom-811349\" >\n\t\t<div class=\"edgtf-elements-holder-item-inner\">\n\t\t<div class=\"edgtf-elements-holder-item-content edgtf-elements-holder-custom-811349\" >\n\t\t\t<div class=\"edgtf-iwt clearfix edgtf-iwt-icon-top edgtf-iwt-icon-large\">\n    <div class=\"edgtf-iwt-icon-holder\">\n                    \n    <span class=\"edgtf-icon-shortcode circle edgtf-icon-large\"  data-color=\"#57c10b\">\n        \n        <i class=\"edgtf-icon-font-awesome fa fa-industry edgtf-icon-element\" style=\"color: #57c10b\" ><\/i>\n            <\/span>\n\n            <\/div>\n    <div class=\"edgtf-iwt-content-holder\" >\n        <div class=\"edgtf-iwt-title-holder\">\n\t\t\t                                    <h4 >COMIT\u00c9 DE INGENIER\u00cdA ESTRUCTURAL Y S\u00cdSMICA<\/h4>\n                                    <\/div>\n        <div class=\"edgtf-iwt-text-holder\">\n            <p ><\/p>\n\n                    <\/div>\n    <\/div>\n<\/div>[vc_column_text]<\/p>\n<p style=\"text-align: center;\">Ing. Rodrigo Garay Medina \u2013 Presidente<\/p>\n<p style=\"text-align: center;\"><strong>Miembros:<\/strong><\/p>\n<p>[\/vc_column_text]<div class=\"edgtf-unordered-list  edgtf-square\" style=\"padding-left: 50px;\">\n<ul>\n<li>Ing. Rolando Antonio Dur\u00e1n Calder\u00f3n Secretario<\/li>\n<li>Dr. Edgar Armando Pe\u00f1a<\/li>\n<li>Ing. Carlos Pastrana Palomo<\/li>\n<li>Ing. Edson Santos Villatoro<\/li>\n<li>Ing. Jos\u00e9 Gerardo Jovel Tesorero<\/li>\n<li>Ing. Miguel Alberto Carranza<\/li>\n<\/ul>\n<\/div>\t\t<\/div>\n\t<\/div>\n\t<\/div><\/div>[\/vc_column][\/vc_row][vc_row][vc_column][vc_empty_space height=\u00bb75px\u00bb][vc_column_text]<\/p>\n<h3 style=\"text-align: center;\"><span style=\"color: #339966;\">PERSONAL ADMINISTRATIVO<\/span><\/h3>\n<p>[\/vc_column_text][vc_empty_space height=\u00bb64px\u00bb][\/vc_column][\/vc_row][vc_section][vc_row][vc_column width=\u00bb1\/2&#8243;][vc_single_image image=\u00bb19332&#8243; img_size=\u00bblarge\u00bb][\/vc_column][vc_column width=\u00bb1\/2&#8243;][vc_row_inner][vc_column_inner width=\u00bb1\/2&#8243;][vc_column_text]Licda. Lois Vera Hern\u00e1ndez Monge<br \/>\n<strong>Gerente administrativa<\/strong>[\/vc_column_text][vc_empty_space height=\u00bb15px\u00bb][vc_column_text]Sra. Ana Raquel Acosta de L\u00f3pez<br \/>\n<strong>Contadora<\/strong>[\/vc_column_text][vc_empty_space height=\u00bb15px\u00bb][vc_column_text]Sra. Mar\u00eda Julia Quijano Hern\u00e1ndez<br \/>\n<strong>Asistente de Junta Directiva<\/strong>[\/vc_column_text][vc_empty_space height=\u00bb15px\u00bb][vc_column_text]Sra. Clelian Ester Guardado Valle<br \/>\n<strong>Asistente educaci\u00f3n continua<\/strong>[\/vc_column_text][vc_empty_space height=\u00bb15px\u00bb][vc_column_text]Sr. Fernando Ronaldy Alberto G\u00f3mez<br \/>\n<strong>Recepci\u00f3n<\/strong>[\/vc_column_text][\/vc_column_inner][vc_column_inner width=\u00bb1\/2&#8243;][vc_column_text]Sr. Walter Armando Rivas Mart\u00ednez<br \/>\n<strong>Mensajero<\/strong>[\/vc_column_text][vc_empty_space height=\u00bb15px\u00bb][vc_column_text]Sr. Jos\u00e9 Alberto L\u00f3pez Garc\u00eda<br \/>\n<strong>Ordenanza<\/strong>[\/vc_column_text][vc_empty_space height=\u00bb15px\u00bb][vc_column_text]Sr. Jorge Mauricio Osorio Fernandez<br \/>\n<strong>Responsable de \u00e1rea social<\/strong>[\/vc_column_text][vc_empty_space height=\u00bb15px\u00bb][vc_column_text]Sr. Walter Antonio Cruz Cruz<br \/>\n<strong>Jardinero<\/strong>[\/vc_column_text][\/vc_column_inner][\/vc_row_inner][\/vc_column][\/vc_row][\/vc_section]<\/p>\n<\/div>","protected":false},"excerpt":{"rendered":"<p>[vc_row][vc_column][vc_empty_space][vc_column_text] COMIT\u00c9S ADMINISTRATIVOS [\/vc_column_text][vc_empty_space height=\u00bb64px\u00bb][\/vc_column][\/vc_row][vc_row][vc_column width=\u00bb1\/2&#8243;][\/vc_column][vc_column width=\u00bb1\/2&#8243;][\/vc_column][\/vc_row][vc_row][vc_column][vc_row_inner][vc_column_inner][vc_empty_space][\/vc_column_inner][\/vc_row_inner][\/vc_column][\/vc_row][vc_row content_aligment=\u00bbcenter\u00bb css=\u00bb.vc_custom_1697481453725{background-color: #f9f6ed !important;}\u00bb][vc_column][vc_empty_space][vc_empty_space][\/vc_column][\/vc_row][vc_row][vc_column][vc_empty_space height=\u00bb75px\u00bb][vc_column_text] COMIT\u00c9S TECNICOS [\/vc_column_text][vc_empty_space height=\u00bb64px\u00bb][\/vc_column][\/vc_row][vc_row][vc_column width=\u00bb1\/3&#8243;][\/vc_column][vc_column width=\u00bb1\/3&#8243;][\/vc_column][vc_column width=\u00bb1\/3&#8243;][\/vc_column][\/vc_row][vc_row][vc_column][vc_empty_space height=\u00bb75px\u00bb][vc_column_text] PERSONAL ADMINISTRATIVO [\/vc_column_text][vc_empty_space height=\u00bb64px\u00bb][\/vc_column][\/vc_row][vc_section][vc_row][vc_column width=\u00bb1\/2&#8243;][vc_single_image image=\u00bb19332&#8243; img_size=\u00bblarge\u00bb][\/vc_column][vc_column width=\u00bb1\/2&#8243;][vc_row_inner][vc_column_inner width=\u00bb1\/2&#8243;][vc_column_text]Licda. Lois Vera Hern\u00e1ndez Monge Gerente administrativa[\/vc_column_text][vc_empty_space height=\u00bb15px\u00bb][vc_column_text]Sra. Ana Raquel Acosta de L\u00f3pez Contadora[\/vc_column_text][vc_empty_space height=\u00bb15px\u00bb][vc_column_text]Sra. Mar\u00eda Julia Quijano Hern\u00e1ndez Asistente de Junta Directiva[\/vc_column_text][vc_empty_space height=\u00bb15px\u00bb][vc_column_text]Sra. Clelian Ester Guardado&#8230;<\/p>\n","protected":false},"author":1,"featured_media":0,"parent":0,"menu_order":0,"comment_status":"closed","ping_status":"closed","template":"","meta":{"footnotes":""},"_links":{"self":[{"href":"https:\/\/asia.tmarketing.la\/index.php\/wp-json\/wp\/v2\/pages\/19301"}],"collection":[{"href":"https:\/\/asia.tmarketing.la\/index.php\/wp-json\/wp\/v2\/pages"}],"about":[{"href":"https:\/\/asia.tmarketing.la\/index.php\/wp-json\/wp\/v2\/types\/page"}],"author":[{"embeddable":true,"href":"https:\/\/asia.tmarketing.la\/index.php\/wp-json\/wp\/v2\/users\/1"}],"replies":[{"embeddable":true,"href":"https:\/\/asia.tmarketing.la\/index.php\/wp-json\/wp\/v2\/comments?post=19301"}],"version-history":[{"count":37,"href":"https:\/\/asia.tmarketing.la\/index.php\/wp-json\/wp\/v2\/pages\/19301\/revisions"}],"predecessor-version":[{"id":19851,"href":"https:\/\/asia.tmarketing.la\/index.php\/wp-json\/wp\/v2\/pages\/19301\/revisions\/19851"}],"wp:attachment":[{"href":"https:\/\/asia.tmarketing.la\/index.php\/wp-json\/wp\/v2\/media?parent=19301"}],"curies":[{"name":"wp","href":"https:\/\/api.w.org\/{rel}","templated":true}]}}