
{"id":19416,"date":"2023-08-28T15:46:08","date_gmt":"2023-08-28T15:46:08","guid":{"rendered":"https:\/\/asia.tmarketing.la\/?page_id=19416"},"modified":"2023-11-11T00:52:08","modified_gmt":"2023-11-11T00:52:08","slug":"afiliacion-asia","status":"publish","type":"page","link":"https:\/\/asia.tmarketing.la\/index.php\/afiliacion-asia\/","title":{"rendered":"Afiliaci\u00f3n ASIA"},"content":{"rendered":"<div class=\"wpb-content-wrapper\"><p>[vc_row css=\u00bb.vc_custom_1693236872102{background-image: url(http:\/\/asia.tmarketing.la\/wp-content\/uploads\/2023\/08\/Fondo-ASIA-blanco.jpg?id=19245) !important;}\u00bb][vc_column][vc_empty_space][vc_column_text]<\/p>\n<h2 style=\"text-align: center;\">Afiliaci\u00f3n en l\u00ednea<\/h2>\n<p>[\/vc_column_text][vc_column_text]<\/p>\n<p style=\"font-size: 20px; text-align: center;\">Forma parte de la Asociaci\u00f3n m\u00e1s grande y primera organizaci\u00f3n gremial de Ingenieros y Arquitectos en El Salvador, fundada en 1929<\/p>\n<p>[\/vc_column_text][vc_empty_space][vc_row_inner content_aligment=\u00bbcenter\u00bb][vc_column_inner width=\u00bb1\/3&#8243;]<a itemprop=\"url\" href=\"#beneficios\" target=\"_self\"  class=\"edgtf-btn edgtf-btn-medium edgtf-btn-solid edgtf-btn-custom-hover-bg edgtf-btn-custom-border-hover edgtf-btn-custom-hover-color edgtf-btn-icon\" data-hover-bg-color=\"#ffffff\" data-hover-color=\"#000000\" data-hover-border-color=\"#000000\" >\n\t<span class=\"edgtf-btn-text\">Beneficios<\/span>\n    <i class=\"edgtf-icon-font-awesome fa fa-star \" ><\/i><\/a>[\/vc_column_inner][vc_column_inner width=\u00bb1\/3&#8243;]<a itemprop=\"url\" href=\"#requisitos\" target=\"_self\"  class=\"edgtf-btn edgtf-btn-medium edgtf-btn-solid edgtf-btn-custom-hover-bg edgtf-btn-custom-border-hover edgtf-btn-custom-hover-color edgtf-btn-icon\" data-hover-bg-color=\"#ffffff\" data-hover-color=\"#000000\" data-hover-border-color=\"#000000\" >\n\t<span class=\"edgtf-btn-text\">Requisitos<\/span>\n    <i class=\"edgtf-icon-font-awesome fa fa-list \" ><\/i><\/a>[\/vc_column_inner][vc_column_inner width=\u00bb1\/3&#8243;]<a itemprop=\"url\" href=\"https:\/\/membresia.asiasv.org\/#\/acceso\" target=\"_self\"  class=\"edgtf-btn edgtf-btn-medium edgtf-btn-solid edgtf-btn-custom-hover-bg edgtf-btn-custom-border-hover edgtf-btn-custom-hover-color edgtf-btn-icon\" data-hover-bg-color=\"#ffffff\" data-hover-color=\"#000000\" data-hover-border-color=\"#000000\" >\n\t<span class=\"edgtf-btn-text\">Afiliarse<\/span>\n    <i class=\"edgtf-icon-font-awesome fa fa-pencil-square \" ><\/i><\/a>[\/vc_column_inner][\/vc_row_inner][vc_empty_space height=\u00bb50px\u00bb][\/vc_column][\/vc_row][vc_section el_id=\u00bbbeneficios\u00bb][vc_row][vc_column width=\u00bb1\/2&#8243;][vc_empty_space][vc_single_image image=\u00bb19442&#8243; img_size=\u00bbfull\u00bb css=\u00bb.vc_custom_1697482675512{margin-right: 0px !important;border-right-width: 0px !important;padding-right: 0px !important;}\u00bb][\/vc_column][vc_column width=\u00bb1\/2&#8243; css=\u00bb.vc_custom_1697482638960{background-image: url(http:\/\/asia.tmarketing.la\/wp-content\/uploads\/2023\/08\/Banner-abajo-Home-ASIA.jpg?id=19205) !important;}\u00bb]<div class=\"edgtf-elements-holder edgtf-responsive-mode-768\" ><div class=\"edgtf-elements-holder-item \" data-item-class=\"edgtf-elements-holder-custom-880559\" >\n\t\t<div class=\"edgtf-elements-holder-item-inner\">\n\t\t<div class=\"edgtf-elements-holder-item-content edgtf-elements-holder-custom-880559\" >\n\t\t\t<h2 class=\"edgtf-title-with-number\" style=\"color:#ffffff\">\n\t<span class=\"edgtf-twn-number\"><\/span>Beneficios<\/h2><div class=\"edgtf-icon-list-item\">\n\t<div class=\"edgtf-icon-list-icon-holder\">\n        <div class=\"edgtf-icon-list-icon-holder-inner clearfix\">\n\t\t\t<i class=\"edgtf-icon-font-awesome fa fa-check \" style=\"color:#81d742\" ><\/i>\t\t<\/div>\n\t<\/div>\n\t<p class=\"edgtf-icon-list-text\" style=\"color:#ffffff;font-size:20px\" > 20% de descuento en eventos de capacitaci\u00f3n<\/p>\n<\/div><div class=\"edgtf-icon-list-item\">\n\t<div class=\"edgtf-icon-list-icon-holder\">\n        <div class=\"edgtf-icon-list-icon-holder-inner clearfix\">\n\t\t\t<i class=\"edgtf-icon-font-awesome fa fa-check \" style=\"color:#81d742\" ><\/i>\t\t<\/div>\n\t<\/div>\n\t<p class=\"edgtf-icon-list-text\" style=\"color:#ffffff;font-size:20px\" > 30% de descuento en alquiler de local<\/p>\n<\/div><div class=\"edgtf-icon-list-item\">\n\t<div class=\"edgtf-icon-list-icon-holder\">\n        <div class=\"edgtf-icon-list-icon-holder-inner clearfix\">\n\t\t\t<i class=\"edgtf-icon-font-awesome fa fa-check \" style=\"color:#81d742\" ><\/i>\t\t<\/div>\n\t<\/div>\n\t<p class=\"edgtf-icon-list-text\" style=\"color:#ffffff;font-size:20px\" > Seguro colectivo de vida (Costo incluido en cuota)<\/p>\n<\/div><div class=\"edgtf-icon-list-item\">\n\t<div class=\"edgtf-icon-list-icon-holder\">\n        <div class=\"edgtf-icon-list-icon-holder-inner clearfix\">\n\t\t\t<i class=\"edgtf-icon-font-awesome fa fa-check \" style=\"color:#81d742\" ><\/i>\t\t<\/div>\n\t<\/div>\n\t<p class=\"edgtf-icon-list-text\" style=\"color:#ffffff;font-size:20px\" > Descuentos en establecimientos<\/p>\n<\/div><div class=\"edgtf-icon-list-item\">\n\t<div class=\"edgtf-icon-list-icon-holder\">\n        <div class=\"edgtf-icon-list-icon-holder-inner clearfix\">\n\t\t\t<i class=\"edgtf-icon-font-awesome fa fa-check \" style=\"color:#81d742\" ><\/i>\t\t<\/div>\n\t<\/div>\n\t<p class=\"edgtf-icon-list-text\" style=\"color:#ffffff;font-size:20px\" > Defensa Gremial y Profesional<\/p>\n<\/div><div class=\"edgtf-icon-list-item\">\n\t<div class=\"edgtf-icon-list-icon-holder\">\n        <div class=\"edgtf-icon-list-icon-holder-inner clearfix\">\n\t\t\t<i class=\"edgtf-icon-font-awesome fa fa-check \" style=\"color:#81d742\" ><\/i>\t\t<\/div>\n\t<\/div>\n\t<p class=\"edgtf-icon-list-text\" style=\"color:#ffffff;font-size:20px\" > Uso de \u00e1reas de esparcimiento y recreaci\u00f3n<\/p>\n<\/div><div class=\"edgtf-icon-list-item\">\n\t<div class=\"edgtf-icon-list-icon-holder\">\n        <div class=\"edgtf-icon-list-icon-holder-inner clearfix\">\n\t\t\t<i class=\"edgtf-icon-font-awesome fa fa-check \" style=\"color:#81d742\" ><\/i>\t\t<\/div>\n\t<\/div>\n\t<p class=\"edgtf-icon-list-text\" style=\"color:#ffffff;font-size:20px\" > Env\u00edo de informaci\u00f3n<\/p>\n<\/div><div class=\"edgtf-icon-list-item\">\n\t<div class=\"edgtf-icon-list-icon-holder\">\n        <div class=\"edgtf-icon-list-icon-holder-inner clearfix\">\n\t\t\t<i class=\"edgtf-icon-font-awesome fa fa-check \" style=\"color:#81d742\" ><\/i>\t\t<\/div>\n\t<\/div>\n\t<p class=\"edgtf-icon-list-text\" style=\"color:#ffffff;font-size:20px\" > Ser un miembro activo en la industria<\/p>\n<\/div>[vc_empty_space]<a itemprop=\"url\" href=\"https:\/\/membresia.asiasv.org\/#\/acceso\" target=\"_self\" style=\"color: #000000;background-color: #ffffff\" class=\"edgtf-btn edgtf-btn-medium edgtf-btn-solid edgtf-btn-custom-hover-bg edgtf-btn-custom-border-hover edgtf-btn-custom-hover-color edgtf-btn-icon\" data-hover-bg-color=\"#ffffff\" data-hover-color=\"#000000\" data-hover-border-color=\"#eeee22\" >\n\t<span class=\"edgtf-btn-text\">Afiliarse<\/span>\n    <i class=\"edgtf-icon-font-awesome fa fa-pencil-square \" ><\/i><\/a>[vc_empty_space]\t\t<\/div>\n\t<\/div>\n\t<\/div><\/div>[\/vc_column][\/vc_row][\/vc_section][vc_section][vc_row][vc_column][vc_row_inner el_id=\u00bbrequisitos\u00bb][vc_column_inner][vc_empty_space][vc_column_text]<\/p>\n<h2 style=\"text-align: center;\"><strong>Requisitos<\/strong><\/h2>\n<p>[\/vc_column_text][\/vc_column_inner][\/vc_row_inner][vc_empty_space][\/vc_column][\/vc_row][\/vc_section][vc_row row_type=\u00bbparallax\u00bb full_screen_section_height=\u00bbno\u00bb css=\u00bb.vc_custom_1697483054338{background-image: url(http:\/\/asia.tmarketing.la\/wp-content\/uploads\/2023\/08\/Fondo-ASIA.jpg?id=19244) !important;}\u00bb][vc_column width=\u00bb1\/2&#8243;][vc_empty_space][vc_row_inner][vc_column_inner css=\u00bb.vc_custom_1699295494997{margin-right: 5% !important;margin-left: 5% !important;border-right-width: 5% !important;border-left-width: 5% !important;padding-right: 5% !important;padding-left: 5% !important;}\u00bb]<div class=\"edgtf-banner\">\n\t\t<div class=\"edgtf-banner-image\">\n\t\t\t<img decoding=\"async\" src=\"https:\/\/asia.tmarketing.la\/wp-content\/uploads\/2023\/08\/Profesiona-ASIA.jpg\" alt=\"Image2\" \/>\n\t<\/div>\n\t<div class=\"edgtf-banner-text-holder\">\n\t\t<div class=\"edgtf-banner-text-table\">\n\t\t\t<div class=\"edgtf-banner-text-cell\">\n\t\t\t\t\t\t\t\t\t\t\t\t\t<h2 class=\"edgtf-banner-title\" style=\"color:#ffffff;font-size:30\">\n\t\t\t\t\t\t<span>PROFESIONALES<\/span>\n\t\t\t\t\t<\/h2>\n\t\t\t\t\t\t\t\t\t\t\t\t\t<a href=\"https:\/\/membresia.asiasv.org\/#\/acceso\" target=\"_self\" class=\"edgtf-banner-read-more\" >Reg\u00edstrate<\/a>\n\t\t\t\t\t\t\t<\/div>\n\t\t<\/div>\n\t<\/div>\n\t\t\t<div class=\"edgtf-banner-overlay-holder\" style=\"background-color:rgba(65,191,59,0.57)\"><\/div>\n\t<\/div>[vc_empty_space height=\u00bb20px\u00bb]<div class=\"edgtf-icon-list-item\">\n\t<div class=\"edgtf-icon-list-icon-holder\">\n        <div class=\"edgtf-icon-list-icon-holder-inner clearfix\">\n\t\t\t<i class=\"edgtf-icon-font-awesome fa fa-check-square \" style=\"\" ><\/i>\t\t<\/div>\n\t<\/div>\n\t<p class=\"edgtf-icon-list-text\" style=\"font-size:20px\" > Llenar solicitud de ingreso.<\/p>\n<\/div><div class=\"edgtf-icon-list-item\">\n\t<div class=\"edgtf-icon-list-icon-holder\">\n        <div class=\"edgtf-icon-list-icon-holder-inner clearfix\">\n\t\t\t<i class=\"edgtf-icon-font-awesome fa fa-check-square \" style=\"\" ><\/i>\t\t<\/div>\n\t<\/div>\n\t<p class=\"edgtf-icon-list-text\" style=\"font-size:20px\" > Fotocopia ampliada al 150% de DUI, NIT e IVA<\/p>\n<\/div><div class=\"edgtf-icon-list-item\">\n\t<div class=\"edgtf-icon-list-icon-holder\">\n        <div class=\"edgtf-icon-list-icon-holder-inner clearfix\">\n\t\t\t<i class=\"edgtf-icon-font-awesome fa fa-check-square \" style=\"\" ><\/i>\t\t<\/div>\n\t<\/div>\n\t<p class=\"edgtf-icon-list-text\" style=\"font-size:20px\" > Fotocopia original y t\u00edtulo, si es requerido<\/p>\n<\/div><div class=\"edgtf-icon-list-item\">\n\t<div class=\"edgtf-icon-list-icon-holder\">\n        <div class=\"edgtf-icon-list-icon-holder-inner clearfix\">\n\t\t\t<i class=\"edgtf-icon-font-awesome fa fa-check-square \" style=\"\" ><\/i>\t\t<\/div>\n\t<\/div>\n\t<p class=\"edgtf-icon-list-text\" style=\"font-size:20px\" > Fotograf\u00eda reciente<\/p>\n<\/div><div class=\"edgtf-icon-list-item\">\n\t<div class=\"edgtf-icon-list-icon-holder\">\n        <div class=\"edgtf-icon-list-icon-holder-inner clearfix\">\n\t\t\t<i class=\"edgtf-icon-font-awesome fa fa-check-square \" style=\"\" ><\/i>\t\t<\/div>\n\t<\/div>\n\t<p class=\"edgtf-icon-list-text\" style=\"font-size:20px\" > Fotocopia de VMVDU o Carnet del Ministerio de Viviendas si aplica.<\/p>\n<\/div><div class=\"edgtf-icon-list-item\">\n\t<div class=\"edgtf-icon-list-icon-holder\">\n        <div class=\"edgtf-icon-list-icon-holder-inner clearfix\">\n\t\t\t<i class=\"edgtf-icon-font-awesome fa fa-check-square \" style=\"\" ><\/i>\t\t<\/div>\n\t<\/div>\n\t<p class=\"edgtf-icon-list-text\" style=\"font-size:20px\" > Seguro de vida (Aplica de 4 meses de estar activo)<\/p>\n<\/div>[vc_empty_space][\/vc_column_inner][\/vc_row_inner][vc_row_inner css=\u00bb.vc_custom_1699295573380{margin-right: 5% !important;margin-left: 5% !important;border-right-width: 5% !important;border-left-width: 5% !important;padding-right: 5% !important;padding-left: 5% !important;}\u00bb][vc_column_inner width=\u00bb1\/2&#8243;]<div class=\"edgtf-elements-holder edgtf-responsive-mode-768\" style=\"background-color:#f9ffed;\"><div class=\"edgtf-elements-holder-item edgtf-horizontal-alignment-center\" data-item-class=\"edgtf-elements-holder-custom-190695\" >\n\t\t<div class=\"edgtf-elements-holder-item-inner\">\n\t\t<div class=\"edgtf-elements-holder-item-content edgtf-elements-holder-custom-190695\" >\n\t\t\t[vc_empty_space height=\u00bb15px\u00bb][vc_column_text]<\/p>\n<h3>$13.56 Mensual<\/h3>\n<p>Mayores de 30 a\u00f1os[\/vc_column_text][vc_empty_space height=\u00bb15px\u00bb]\t\t<\/div>\n\t<\/div>\n\t<\/div><\/div>[\/vc_column_inner][vc_column_inner width=\u00bb1\/2&#8243;]<div class=\"edgtf-elements-holder edgtf-responsive-mode-768\" style=\"background-color:#f9ffed;\"><div class=\"edgtf-elements-holder-item \" data-item-class=\"edgtf-elements-holder-custom-321957\" >\n\t\t<div class=\"edgtf-elements-holder-item-inner\">\n\t\t<div class=\"edgtf-elements-holder-item-content edgtf-elements-holder-custom-321957\" >\n\t\t\t[vc_empty_space height=\u00bb15px\u00bb][vc_column_text]<\/p>\n<h3 style=\"text-align: center;\">$10.17 Mensual<\/h3>\n<p style=\"text-align: center;\">Menores de 30 a\u00f1os<\/p>\n<p>[\/vc_column_text][vc_empty_space height=\u00bb15px\u00bb]\t\t<\/div>\n\t<\/div>\n\t<\/div><\/div>[\/vc_column_inner][\/vc_row_inner][vc_empty_space][vc_row_inner content_aligment=\u00bbcenter\u00bb][vc_column_inner]<a itemprop=\"url\" href=\"https:\/\/membresia.asiasv.org\/#\/acceso\" target=\"_self\"  class=\"edgtf-btn edgtf-btn-huge-full-width edgtf-btn-solid edgtf-btn-icon\"  >\n\t<span class=\"edgtf-btn-text\">Afiliarse<\/span>\n    <i class=\"edgtf-icon-font-awesome fa fa-pencil \" ><\/i><\/a>[\/vc_column_inner][\/vc_row_inner][vc_empty_space][\/vc_column][vc_column width=\u00bb1\/2&#8243;][vc_empty_space][vc_row_inner css=\u00bb.vc_custom_1699296253063{border-right-width: 5% !important;padding-right: 5% !important;}\u00bb][vc_column_inner][vc_empty_space]<div class=\"edgtf-banner\">\n\t\t<div class=\"edgtf-banner-image\">\n\t\t\t<img decoding=\"async\" src=\"https:\/\/asia.tmarketing.la\/wp-content\/uploads\/2023\/08\/Estudiante.jpg\" alt=\"Image2\" \/>\n\t<\/div>\n\t<div class=\"edgtf-banner-text-holder\">\n\t\t<div class=\"edgtf-banner-text-table\">\n\t\t\t<div class=\"edgtf-banner-text-cell\">\n\t\t\t\t\t\t\t\t\t\t\t\t\t<h2 class=\"edgtf-banner-title\" style=\"color:#ffffff;font-size:30\">\n\t\t\t\t\t\t<span>ESTUDIANTES<\/span>\n\t\t\t\t\t<\/h2>\n\t\t\t\t\t\t\t\t\t\t\t\t\t<a href=\"https:\/\/membresia.asiasv.org\/#\/acceso\" target=\"_self\" class=\"edgtf-banner-read-more\" >Reg\u00edstrate<\/a>\n\t\t\t\t\t\t\t<\/div>\n\t\t<\/div>\n\t<\/div>\n\t\t\t<div class=\"edgtf-banner-overlay-holder\" style=\"background-color:rgba(30,115,190,0.57)\"><\/div>\n\t<\/div>[vc_empty_space height=\u00bb20px\u00bb]<div class=\"edgtf-icon-list-item\">\n\t<div class=\"edgtf-icon-list-icon-holder\">\n        <div class=\"edgtf-icon-list-icon-holder-inner clearfix\">\n\t\t\t<i class=\"edgtf-icon-font-awesome fa fa-check-square \" style=\"\" ><\/i>\t\t<\/div>\n\t<\/div>\n\t<p class=\"edgtf-icon-list-text\" style=\"font-size:20px\" > Llenar solicitud de ingreso.<\/p>\n<\/div><div class=\"edgtf-icon-list-item\">\n\t<div class=\"edgtf-icon-list-icon-holder\">\n        <div class=\"edgtf-icon-list-icon-holder-inner clearfix\">\n\t\t\t<i class=\"edgtf-icon-font-awesome fa fa-check-square \" style=\"\" ><\/i>\t\t<\/div>\n\t<\/div>\n\t<p class=\"edgtf-icon-list-text\" style=\"font-size:20px\" > Fotocopia ampliada al 150% de DUI, NIT e IVA<\/p>\n<\/div><div class=\"edgtf-icon-list-item\">\n\t<div class=\"edgtf-icon-list-icon-holder\">\n        <div class=\"edgtf-icon-list-icon-holder-inner clearfix\">\n\t\t\t<i class=\"edgtf-icon-font-awesome fa fa-check-square \" style=\"\" ><\/i>\t\t<\/div>\n\t<\/div>\n\t<p class=\"edgtf-icon-list-text\" style=\"font-size:20px\" > Carta de egresado y si se encuentra estudiando carn\u00e9 o constancia de estudio<\/p>\n<\/div><div class=\"edgtf-icon-list-item\">\n\t<div class=\"edgtf-icon-list-icon-holder\">\n        <div class=\"edgtf-icon-list-icon-holder-inner clearfix\">\n\t\t\t<i class=\"edgtf-icon-font-awesome fa fa-check-square \" style=\"\" ><\/i>\t\t<\/div>\n\t<\/div>\n\t<p class=\"edgtf-icon-list-text\" style=\"font-size:20px\" > Fotograf\u00eda reciente<\/p>\n<\/div>[vc_empty_space height=\u00bb100px\u00bb][\/vc_column_inner][\/vc_row_inner]<div class=\"edgtf-elements-holder edgtf-responsive-mode-768\" style=\"background-color:#f9ffed;\"><div class=\"edgtf-elements-holder-item \" data-item-class=\"edgtf-elements-holder-custom-248469\" >\n\t\t<div class=\"edgtf-elements-holder-item-inner\">\n\t\t<div class=\"edgtf-elements-holder-item-content edgtf-elements-holder-custom-248469\" >\n\t\t\t[vc_empty_space height=\u00bb15px\u00bb][vc_column_text]<\/p>\n<h3 style=\"text-align: center;\">$1.13 Mensual<\/h3>\n<p>[\/vc_column_text][vc_empty_space height=\u00bb15px\u00bb]\t\t<\/div>\n\t<\/div>\n\t<\/div><\/div>[vc_empty_space][vc_row_inner content_aligment=\u00bbcenter\u00bb css=\u00bb.vc_custom_1699296305033{border-right-width: 5% !important;padding-right: 5% !important;}\u00bb][vc_column_inner]<a itemprop=\"url\" href=\"https:\/\/membresia.asiasv.org\/#\/acceso\" target=\"_self\"  class=\"edgtf-btn edgtf-btn-huge-full-width edgtf-btn-solid edgtf-btn-icon\"  >\n\t<span class=\"edgtf-btn-text\">Afiliarse<\/span>\n    <i class=\"edgtf-icon-font-awesome fa fa-pencil \" ><\/i><\/a>[\/vc_column_inner][\/vc_row_inner][vc_empty_space][\/vc_column][\/vc_row]<\/p>\n<\/div>","protected":false},"excerpt":{"rendered":"<p>[vc_row css=\u00bb.vc_custom_1693236872102{background-image: url(http:\/\/asia.tmarketing.la\/wp-content\/uploads\/2023\/08\/Fondo-ASIA-blanco.jpg?id=19245) !important;}\u00bb][vc_column][vc_empty_space][vc_column_text] Afiliaci\u00f3n en l\u00ednea [\/vc_column_text][vc_column_text] Forma parte de la Asociaci\u00f3n m\u00e1s grande y primera organizaci\u00f3n gremial de Ingenieros y Arquitectos en El Salvador, fundada en 1929 [\/vc_column_text][vc_empty_space][vc_row_inner content_aligment=\u00bbcenter\u00bb][vc_column_inner width=\u00bb1\/3&#8243;][\/vc_column_inner][vc_column_inner width=\u00bb1\/3&#8243;][\/vc_column_inner][vc_column_inner width=\u00bb1\/3&#8243;][\/vc_column_inner][\/vc_row_inner][vc_empty_space height=\u00bb50px\u00bb][\/vc_column][\/vc_row][vc_section el_id=\u00bbbeneficios\u00bb][vc_row][vc_column width=\u00bb1\/2&#8243;][vc_empty_space][vc_single_image image=\u00bb19442&#8243; img_size=\u00bbfull\u00bb css=\u00bb.vc_custom_1697482675512{margin-right: 0px !important;border-right-width: 0px !important;padding-right: 0px !important;}\u00bb][\/vc_column][vc_column width=\u00bb1\/2&#8243; css=\u00bb.vc_custom_1697482638960{background-image: url(http:\/\/asia.tmarketing.la\/wp-content\/uploads\/2023\/08\/Banner-abajo-Home-ASIA.jpg?id=19205) !important;}\u00bb][\/vc_column][\/vc_row][\/vc_section][vc_section][vc_row][vc_column][vc_row_inner el_id=\u00bbrequisitos\u00bb][vc_column_inner][vc_empty_space][vc_column_text] Requisitos [\/vc_column_text][\/vc_column_inner][\/vc_row_inner][vc_empty_space][\/vc_column][\/vc_row][\/vc_section][vc_row row_type=\u00bbparallax\u00bb full_screen_section_height=\u00bbno\u00bb&#8230;<\/p>\n","protected":false},"author":1,"featured_media":0,"parent":0,"menu_order":0,"comment_status":"closed","ping_status":"closed","template":"","meta":{"footnotes":""},"_links":{"self":[{"href":"https:\/\/asia.tmarketing.la\/index.php\/wp-json\/wp\/v2\/pages\/19416"}],"collection":[{"href":"https:\/\/asia.tmarketing.la\/index.php\/wp-json\/wp\/v2\/pages"}],"about":[{"href":"https:\/\/asia.tmarketing.la\/index.php\/wp-json\/wp\/v2\/types\/page"}],"author":[{"embeddable":true,"href":"https:\/\/asia.tmarketing.la\/index.php\/wp-json\/wp\/v2\/users\/1"}],"replies":[{"embeddable":true,"href":"https:\/\/asia.tmarketing.la\/index.php\/wp-json\/wp\/v2\/comments?post=19416"}],"version-history":[{"count":38,"href":"https:\/\/asia.tmarketing.la\/index.php\/wp-json\/wp\/v2\/pages\/19416\/revisions"}],"predecessor-version":[{"id":20178,"href":"https:\/\/asia.tmarketing.la\/index.php\/wp-json\/wp\/v2\/pages\/19416\/revisions\/20178"}],"wp:attachment":[{"href":"https:\/\/asia.tmarketing.la\/index.php\/wp-json\/wp\/v2\/media?parent=19416"}],"curies":[{"name":"wp","href":"https:\/\/api.w.org\/{rel}","templated":true}]}}