
{"id":19854,"date":"2023-10-17T00:35:10","date_gmt":"2023-10-17T00:35:10","guid":{"rendered":"https:\/\/asia.tmarketing.la\/?page_id=19854"},"modified":"2023-11-06T19:11:37","modified_gmt":"2023-11-06T19:11:37","slug":"semana-asia","status":"publish","type":"page","link":"https:\/\/asia.tmarketing.la\/index.php\/semana-asia\/","title":{"rendered":"Semana ASIA"},"content":{"rendered":"<div class=\"wpb-content-wrapper\"><p>[vc_row row_type=\u00bbparallax\u00bb full_screen_section_height=\u00bbno\u00bb css=\u00bb.vc_custom_1697502705388{background-image: url(http:\/\/asia.tmarketing.la\/wp-content\/uploads\/2023\/08\/Fondo-ASIA-blanco.jpg?id=19245) !important;}\u00bb][vc_column][vc_row_inner][vc_column_inner]<div class=\"edgtf-project-presentation presentation-left edgtf-project-presentation-light\">\n    <div class=\"edgtf-pp-content-holder\">\n        <div class=\"edgtf-pp-content-left\">\n            <div class=\"edgtf-pp-text-holder\" style=\"background-image: url(https:\/\/asia.tmarketing.la\/wp-content\/uploads\/2023\/08\/Banner-abajo-Home-ASIA.jpg)\">\n                                    <h2 class=\"edgtf-pp-title\">\n                        \u00bfQu\u00e9 es la semana ASIA?                    <\/h2>\n                                                    <p class=\"edgtf-pp-subtitle\">\n                        La semana ASIA se ha desarrollado exitosamente ya desde hace varias d\u00e9cadas. Su principal raz\u00f3n es celebrar y reconocer la labor de la ingenier\u00eda y la arquitectura en El Salvador, tanto en el campo como en lo acad\u00e9mico.                    <\/p>\n                \t                        <\/div>\n        <\/div>\n        <div class=\"edgtf-pp-content-right\">\n            <div class=\"edgtf-pp-gallery\">\n                <div class=\"edgtf-pp-gallery-slider\" data-autoplay=\"3\" data-pagination=\"yes\">\n                                                <img loading=\"lazy\" decoding=\"async\" width=\"1600\" height=\"1066\" src=\"https:\/\/asia.tmarketing.la\/wp-content\/uploads\/2023\/10\/384121751_763102769145004_3360369405645587202_n.jpeg\" class=\"attachment-full size-full\" alt=\"\" srcset=\"https:\/\/asia.tmarketing.la\/wp-content\/uploads\/2023\/10\/384121751_763102769145004_3360369405645587202_n.jpeg 1600w, https:\/\/asia.tmarketing.la\/wp-content\/uploads\/2023\/10\/384121751_763102769145004_3360369405645587202_n-300x200.jpeg 300w, https:\/\/asia.tmarketing.la\/wp-content\/uploads\/2023\/10\/384121751_763102769145004_3360369405645587202_n-1024x682.jpeg 1024w, https:\/\/asia.tmarketing.la\/wp-content\/uploads\/2023\/10\/384121751_763102769145004_3360369405645587202_n-768x512.jpeg 768w, https:\/\/asia.tmarketing.la\/wp-content\/uploads\/2023\/10\/384121751_763102769145004_3360369405645587202_n-1536x1023.jpeg 1536w, https:\/\/asia.tmarketing.la\/wp-content\/uploads\/2023\/10\/384121751_763102769145004_3360369405645587202_n-280x187.jpeg 280w, https:\/\/asia.tmarketing.la\/wp-content\/uploads\/2023\/10\/384121751_763102769145004_3360369405645587202_n-600x400.jpeg 600w\" sizes=\"(max-width: 1600px) 100vw, 1600px\" \/>                                    <\/div>\n            <\/div>\n        <\/div>\n    <\/div>\n<\/div>[\/vc_column_inner][\/vc_row_inner][vc_row_inner][vc_column_inner][vc_empty_space][vc_column_text]<\/p>\n<h2 style=\"text-align: center;\">OBJETIVOS<\/h2>\n<p>[\/vc_column_text][vc_empty_space]<div class=\"edgtf-separator-holder clearfix  edgtf-separator-center\">\n\t<div class=\"edgtf-separator\" style=\"border-color: #81d742;border-style: solid;border-bottom-width: 5px\"><\/div>\n<\/div>\n[\/vc_column_inner][\/vc_row_inner][vc_row_inner][vc_column_inner width=\u00bb1\/3&#8243;]<div class=\"edgtf-iwt clearfix edgtf-iwt-icon-top edgtf-iwt-icon-tiny\">\n    <div class=\"edgtf-iwt-icon-holder\">\n                    <div class=\"edgtf-iwt-custom-icon\" >\n                <img loading=\"lazy\" decoding=\"async\" width=\"100\" height=\"100\" src=\"https:\/\/asia.tmarketing.la\/wp-content\/uploads\/2023\/10\/PAIS-1.png\" class=\"attachment-full size-full\" alt=\"\" \/>                                            <\/div>\n            <\/div>\n    <div class=\"edgtf-iwt-content-holder\" >\n        <div class=\"edgtf-iwt-title-holder\">\n\t\t\t        <\/div>\n        <div class=\"edgtf-iwt-text-holder\">\n            <p >Desarrollar temas de pa\u00eds desde el enfoque gremial y t\u00e9cnico<\/p>\n\n                    <\/div>\n    <\/div>\n<\/div>[\/vc_column_inner][vc_column_inner width=\u00bb1\/3&#8243;]<div class=\"edgtf-iwt clearfix edgtf-iwt-icon-top edgtf-iwt-icon-tiny\">\n    <div class=\"edgtf-iwt-icon-holder\">\n                    <div class=\"edgtf-iwt-custom-icon\" >\n                <img loading=\"lazy\" decoding=\"async\" width=\"100\" height=\"100\" src=\"https:\/\/asia.tmarketing.la\/wp-content\/uploads\/2023\/10\/EDUCACION.png\" class=\"attachment-full size-full\" alt=\"\" \/>                                            <\/div>\n            <\/div>\n    <div class=\"edgtf-iwt-content-holder\" >\n        <div class=\"edgtf-iwt-title-holder\">\n\t\t\t        <\/div>\n        <div class=\"edgtf-iwt-text-holder\">\n            <p >Reconocimiento a los profesionales de la Ingenier\u00eda y la Arquitectura de El Salvador<\/p>\n\n                    <\/div>\n    <\/div>\n<\/div>[\/vc_column_inner][vc_column_inner width=\u00bb1\/3&#8243;]<div class=\"edgtf-iwt clearfix edgtf-iwt-icon-top edgtf-iwt-icon-tiny\">\n    <div class=\"edgtf-iwt-icon-holder\">\n                    <div class=\"edgtf-iwt-custom-icon\" >\n                <img loading=\"lazy\" decoding=\"async\" width=\"100\" height=\"100\" src=\"https:\/\/asia.tmarketing.la\/wp-content\/uploads\/2023\/10\/EDU.png\" class=\"attachment-full size-full\" alt=\"\" \/>                                            <\/div>\n            <\/div>\n    <div class=\"edgtf-iwt-content-holder\" >\n        <div class=\"edgtf-iwt-title-holder\">\n\t\t\t        <\/div>\n        <div class=\"edgtf-iwt-text-holder\">\n            <p >Reconocimiento al sector acad\u00e9mico nacional de la Ingenier\u00eda y la Arquitectura de El Salvador<\/p>\n\n                    <\/div>\n    <\/div>\n<\/div>[\/vc_column_inner][\/vc_row_inner][vc_empty_space][vc_row_inner][vc_column_inner width=\u00bb1\/3&#8243;]<div class=\"edgtf-iwt clearfix edgtf-iwt-icon-top edgtf-iwt-icon-tiny\">\n    <div class=\"edgtf-iwt-icon-holder\">\n                    <div class=\"edgtf-iwt-custom-icon\" >\n                <img loading=\"lazy\" decoding=\"async\" width=\"100\" height=\"100\" src=\"https:\/\/asia.tmarketing.la\/wp-content\/uploads\/2023\/10\/gremial.png\" class=\"attachment-full size-full\" alt=\"\" \/>                                            <\/div>\n            <\/div>\n    <div class=\"edgtf-iwt-content-holder\" >\n        <div class=\"edgtf-iwt-title-holder\">\n\t\t\t        <\/div>\n        <div class=\"edgtf-iwt-text-holder\">\n            <p >Reconocimiento al servicio gremial<\/p>\n\n                    <\/div>\n    <\/div>\n<\/div>[\/vc_column_inner][vc_column_inner width=\u00bb1\/3&#8243;]<div class=\"edgtf-iwt clearfix edgtf-iwt-icon-top edgtf-iwt-icon-tiny\">\n    <div class=\"edgtf-iwt-icon-holder\">\n                    <div class=\"edgtf-iwt-custom-icon\" >\n                <img loading=\"lazy\" decoding=\"async\" width=\"100\" height=\"100\" src=\"https:\/\/asia.tmarketing.la\/wp-content\/uploads\/2023\/10\/provedores.png\" class=\"attachment-full size-full\" alt=\"\" \/>                                            <\/div>\n            <\/div>\n    <div class=\"edgtf-iwt-content-holder\" >\n        <div class=\"edgtf-iwt-title-holder\">\n\t\t\t        <\/div>\n        <div class=\"edgtf-iwt-text-holder\">\n            <p >Exposici\u00f3n de empresas proveedoras al sector la construcci\u00f3n e la ingenier\u00eda y arquitectura<\/p>\n\n                    <\/div>\n    <\/div>\n<\/div>[\/vc_column_inner][vc_column_inner width=\u00bb1\/3&#8243;]<div class=\"edgtf-iwt clearfix edgtf-iwt-icon-top edgtf-iwt-icon-tiny\">\n    <div class=\"edgtf-iwt-icon-holder\">\n                    <div class=\"edgtf-iwt-custom-icon\" >\n                <img loading=\"lazy\" decoding=\"async\" width=\"100\" height=\"100\" src=\"https:\/\/asia.tmarketing.la\/wp-content\/uploads\/2023\/10\/networking.png\" class=\"attachment-full size-full\" alt=\"\" \/>                                            <\/div>\n            <\/div>\n    <div class=\"edgtf-iwt-content-holder\" >\n        <div class=\"edgtf-iwt-title-holder\">\n\t\t\t        <\/div>\n        <div class=\"edgtf-iwt-text-holder\">\n            <p >Oportunidad de generar Networking con profesionales de la industria<\/p>\n\n                    <\/div>\n    <\/div>\n<\/div>[\/vc_column_inner][\/vc_row_inner][\/vc_column][\/vc_row][vc_row][vc_column][vc_empty_space height=\u00bb60px\u00bb][\/vc_column][\/vc_row][vc_row][vc_column width=\u00bb1\/6&#8243;][\/vc_column][vc_column width=\u00bb1\/3&#8243;][vc_single_image image=\u00bb20042&#8243; img_size=\u00bblarge\u00bb][\/vc_column][vc_column width=\u00bb1\/3&#8243;][vc_empty_space][vc_btn title=\u00bbVER GALERIA\u00bb color=\u00bbgreen\u00bb size=\u00bblg\u00bb i_icon_fontawesome=\u00bbfas fa-camera\u00bb add_icon=\u00bbtrue\u00bb link=\u00bburl:https%3A%2F%2Fdrive.google.com%2Fdrive%2Ffolders%2F1LcR7-IKnajLu8vpzYuW5YDRZLZO_ZoHM\u00bb][\/vc_column][vc_column width=\u00bb1\/6&#8243;][\/vc_column][\/vc_row]<\/p>\n<\/div>","protected":false},"excerpt":{"rendered":"<p>[vc_row row_type=\u00bbparallax\u00bb full_screen_section_height=\u00bbno\u00bb css=\u00bb.vc_custom_1697502705388{background-image: url(http:\/\/asia.tmarketing.la\/wp-content\/uploads\/2023\/08\/Fondo-ASIA-blanco.jpg?id=19245) !important;}\u00bb][vc_column][vc_row_inner][vc_column_inner][\/vc_column_inner][\/vc_row_inner][vc_row_inner][vc_column_inner][vc_empty_space][vc_column_text] OBJETIVOS [\/vc_column_text][vc_empty_space][\/vc_column_inner][\/vc_row_inner][vc_row_inner][vc_column_inner width=\u00bb1\/3&#8243;][\/vc_column_inner][vc_column_inner width=\u00bb1\/3&#8243;][\/vc_column_inner][vc_column_inner width=\u00bb1\/3&#8243;][\/vc_column_inner][\/vc_row_inner][vc_empty_space][vc_row_inner][vc_column_inner width=\u00bb1\/3&#8243;][\/vc_column_inner][vc_column_inner width=\u00bb1\/3&#8243;][\/vc_column_inner][vc_column_inner width=\u00bb1\/3&#8243;][\/vc_column_inner][\/vc_row_inner][\/vc_column][\/vc_row][vc_row][vc_column][vc_empty_space height=\u00bb60px\u00bb][\/vc_column][\/vc_row][vc_row][vc_column width=\u00bb1\/6&#8243;][\/vc_column][vc_column width=\u00bb1\/3&#8243;][vc_single_image image=\u00bb20042&#8243; img_size=\u00bblarge\u00bb][\/vc_column][vc_column width=\u00bb1\/3&#8243;][vc_empty_space][vc_btn title=\u00bbVER GALERIA\u00bb color=\u00bbgreen\u00bb size=\u00bblg\u00bb i_icon_fontawesome=\u00bbfas fa-camera\u00bb add_icon=\u00bbtrue\u00bb link=\u00bburl:https%3A%2F%2Fdrive.google.com%2Fdrive%2Ffolders%2F1LcR7-IKnajLu8vpzYuW5YDRZLZO_ZoHM\u00bb][\/vc_column][vc_column width=\u00bb1\/6&#8243;][\/vc_column][\/vc_row]<\/p>\n","protected":false},"author":1,"featured_media":0,"parent":0,"menu_order":0,"comment_status":"closed","ping_status":"closed","template":"","meta":{"footnotes":""},"_links":{"self":[{"href":"https:\/\/asia.tmarketing.la\/index.php\/wp-json\/wp\/v2\/pages\/19854"}],"collection":[{"href":"https:\/\/asia.tmarketing.la\/index.php\/wp-json\/wp\/v2\/pages"}],"about":[{"href":"https:\/\/asia.tmarketing.la\/index.php\/wp-json\/wp\/v2\/types\/page"}],"author":[{"embeddable":true,"href":"https:\/\/asia.tmarketing.la\/index.php\/wp-json\/wp\/v2\/users\/1"}],"replies":[{"embeddable":true,"href":"https:\/\/asia.tmarketing.la\/index.php\/wp-json\/wp\/v2\/comments?post=19854"}],"version-history":[{"count":25,"href":"https:\/\/asia.tmarketing.la\/index.php\/wp-json\/wp\/v2\/pages\/19854\/revisions"}],"predecessor-version":[{"id":20051,"href":"https:\/\/asia.tmarketing.la\/index.php\/wp-json\/wp\/v2\/pages\/19854\/revisions\/20051"}],"wp:attachment":[{"href":"https:\/\/asia.tmarketing.la\/index.php\/wp-json\/wp\/v2\/media?parent=19854"}],"curies":[{"name":"wp","href":"https:\/\/api.w.org\/{rel}","templated":true}]}}