
{"id":19903,"date":"2023-10-23T17:25:47","date_gmt":"2023-10-23T17:25:47","guid":{"rendered":"https:\/\/asia.tmarketing.la\/?page_id=19903"},"modified":"2023-10-23T21:51:42","modified_gmt":"2023-10-23T21:51:42","slug":"centenario-asia","status":"publish","type":"page","link":"https:\/\/asia.tmarketing.la\/index.php\/centenario-asia\/","title":{"rendered":"Centenario ASIA"},"content":{"rendered":"<div class=\"wpb-content-wrapper\"><p>[vc_row css=\u00bb.vc_custom_1698080141279{background-image: url(http:\/\/asia.tmarketing.la\/wp-content\/uploads\/2023\/08\/Fondo-ASIA-blanco.jpg?id=19245) !important;}\u00bb][vc_column][vc_row_inner][vc_column_inner width=\u00bb1\/2&#8243;][vc_single_image image=\u00bb19906&#8243; img_size=\u00bbfull\u00bb][\/vc_column_inner][vc_column_inner width=\u00bb1\/2&#8243;][vc_empty_space][vc_column_text]<\/p>\n<h2 style=\"text-align: center;\">\u00a1Celebramos 100 a\u00f1os de ASIA!<\/h2>\n<p>[\/vc_column_text][vc_empty_space][vc_column_text]<\/p>\n<p style=\"text-align: center;\">Se parte de este evento conmemorativo para el cual tenemos como objetivo elaborar un libro hist\u00f3rico que recopilar\u00e1 los 100 a\u00f1os de historia de la ingenier\u00eda y la arquitectura en El Salvador<\/p>\n<p>[\/vc_column_text][\/vc_column_inner][\/vc_row_inner][vc_row_inner][vc_column_inner width=\u00bb1\/2&#8243;][vc_empty_space][vc_column_text]<\/p>\n<h3>Todos podemos ser parte de este legado tan importante para la ingenier\u00eda y la arquitectura de El Salvador. \u00a1Tu apoyo es muy importante!<\/h3>\n<p>&nbsp;<\/p>\n<p>Para la creaci\u00f3n de este libro, necesitamos<strong><span style=\"color: #339966;\"> recursos para su investigaci\u00f3n<\/span><\/strong> con el fin de crear un material de la mejor calidad posible que sea de referencia para nuestra y las pr\u00f3ximas generaciones que nos siguen.<\/p>\n<p>De igual manera, buscamos incorporar a nuestro edificio una<strong><span style=\"color: #339966;\"> museograf\u00eda<\/span><\/strong> que resalte dichos datos hist\u00f3ricos, la cual podr\u00e1 ser apreciada por todos nuestros visitantes.<\/p>\n<p>Y, por supuesto, no podemos olvidar los <strong><span style=\"color: #339966;\">eventos conmemorativos<\/span> <\/strong>que llevaremos a cabo en nuestra gremial con este mismo objetivo.[\/vc_column_text][\/vc_column_inner][vc_column_inner width=\u00bb1\/2&#8243;][vc_empty_space height=\u00bb64px\u00bb][vc_single_image image=\u00bb19900&#8243; img_size=\u00bblarge\u00bb][\/vc_column_inner][\/vc_row_inner][vc_row_inner content_aligment=\u00bbcenter\u00bb][vc_column_inner][vc_empty_space]<div class=\"edgtf-project-presentation presentation-left edgtf-project-presentation-light\">\n    <div class=\"edgtf-pp-content-holder\">\n        <div class=\"edgtf-pp-content-left\">\n            <div class=\"edgtf-pp-text-holder\" style=\"background-image: url(https:\/\/asia.tmarketing.la\/wp-content\/uploads\/2023\/08\/Banner-abajo-Home-ASIA.jpg)\">\n                                    <h2 class=\"edgtf-pp-title\">\n                        Se parte de este gran evento hist\u00f3rico                     <\/h2>\n                                                    <p class=\"edgtf-pp-subtitle\">\n                        Tu eliges como apoyar este proyecto tan importante                    <\/p>\n                \t            \t                <div class=\"edgtf-pp-button\">\n\t                    <a itemprop=\"url\" href=\"https:\/\/asia.tmarketing.la\/index.php\/donations\/proyecto-centenario-asia\/\" target=\"_self\" style=\"color: #000\" class=\"edgtf-btn edgtf-btn-medium edgtf-btn-solid-dark edgtf-btn-custom-hover-bg edgtf-btn-custom-border-hover edgtf-btn-custom-hover-color\" data-hover-bg-color=\"#f6f4ee\" data-hover-color=\"#000\" data-hover-border-color=\"#f6f4ee\" >\t<span class=\"edgtf-btn-text\">Dona Hoy<\/span>    <\/a>\t                <\/div>\n\t                        <\/div>\n        <\/div>\n        <div class=\"edgtf-pp-content-right\">\n            <div class=\"edgtf-pp-gallery\">\n                <div class=\"edgtf-pp-gallery-slider\" data-autoplay=\"3\" data-pagination=\"yes\">\n                                                <img loading=\"lazy\" decoding=\"async\" width=\"1200\" height=\"805\" src=\"https:\/\/asia.tmarketing.la\/wp-content\/uploads\/2023\/10\/Expo-ASIA-13.jpg\" class=\"attachment-full size-full\" alt=\"\" srcset=\"https:\/\/asia.tmarketing.la\/wp-content\/uploads\/2023\/10\/Expo-ASIA-13.jpg 1200w, https:\/\/asia.tmarketing.la\/wp-content\/uploads\/2023\/10\/Expo-ASIA-13-300x201.jpg 300w, https:\/\/asia.tmarketing.la\/wp-content\/uploads\/2023\/10\/Expo-ASIA-13-1024x687.jpg 1024w, https:\/\/asia.tmarketing.la\/wp-content\/uploads\/2023\/10\/Expo-ASIA-13-768x515.jpg 768w, https:\/\/asia.tmarketing.la\/wp-content\/uploads\/2023\/10\/Expo-ASIA-13-280x188.jpg 280w, https:\/\/asia.tmarketing.la\/wp-content\/uploads\/2023\/10\/Expo-ASIA-13-600x403.jpg 600w\" sizes=\"(max-width: 1200px) 100vw, 1200px\" \/>                                    <\/div>\n            <\/div>\n        <\/div>\n    <\/div>\n<\/div>[vc_empty_space][vc_gallery type=\u00bbimage_grid\u00bb images=\u00bb19916,19918,19920,19922,19924,19926,19928&#8243; img_size=\u00bbmedium\u00bb][\/vc_column_inner][\/vc_row_inner][\/vc_column][\/vc_row][vc_row][vc_column][\/vc_column][\/vc_row]<\/p>\n<\/div>","protected":false},"excerpt":{"rendered":"<p>[vc_row css=\u00bb.vc_custom_1698080141279{background-image: url(http:\/\/asia.tmarketing.la\/wp-content\/uploads\/2023\/08\/Fondo-ASIA-blanco.jpg?id=19245) !important;}\u00bb][vc_column][vc_row_inner][vc_column_inner width=\u00bb1\/2&#8243;][vc_single_image image=\u00bb19906&#8243; img_size=\u00bbfull\u00bb][\/vc_column_inner][vc_column_inner width=\u00bb1\/2&#8243;][vc_empty_space][vc_column_text] \u00a1Celebramos 100 a\u00f1os de ASIA! [\/vc_column_text][vc_empty_space][vc_column_text] Se parte de este evento conmemorativo para el cual tenemos como objetivo elaborar un libro hist\u00f3rico que recopilar\u00e1 los 100 a\u00f1os de historia de la ingenier\u00eda y la arquitectura en El Salvador [\/vc_column_text][\/vc_column_inner][\/vc_row_inner][vc_row_inner][vc_column_inner width=\u00bb1\/2&#8243;][vc_empty_space][vc_column_text] Todos podemos ser parte de este legado&#8230;<\/p>\n","protected":false},"author":1,"featured_media":0,"parent":0,"menu_order":0,"comment_status":"closed","ping_status":"closed","template":"","meta":{"footnotes":""},"_links":{"self":[{"href":"https:\/\/asia.tmarketing.la\/index.php\/wp-json\/wp\/v2\/pages\/19903"}],"collection":[{"href":"https:\/\/asia.tmarketing.la\/index.php\/wp-json\/wp\/v2\/pages"}],"about":[{"href":"https:\/\/asia.tmarketing.la\/index.php\/wp-json\/wp\/v2\/types\/page"}],"author":[{"embeddable":true,"href":"https:\/\/asia.tmarketing.la\/index.php\/wp-json\/wp\/v2\/users\/1"}],"replies":[{"embeddable":true,"href":"https:\/\/asia.tmarketing.la\/index.php\/wp-json\/wp\/v2\/comments?post=19903"}],"version-history":[{"count":21,"href":"https:\/\/asia.tmarketing.la\/index.php\/wp-json\/wp\/v2\/pages\/19903\/revisions"}],"predecessor-version":[{"id":20221,"href":"https:\/\/asia.tmarketing.la\/index.php\/wp-json\/wp\/v2\/pages\/19903\/revisions\/20221"}],"wp:attachment":[{"href":"https:\/\/asia.tmarketing.la\/index.php\/wp-json\/wp\/v2\/media?parent=19903"}],"curies":[{"name":"wp","href":"https:\/\/api.w.org\/{rel}","templated":true}]}}