
{"id":20046,"date":"2023-11-06T19:05:29","date_gmt":"2023-11-06T19:05:29","guid":{"rendered":"https:\/\/asia.tmarketing.la\/?page_id=20046"},"modified":"2023-11-06T19:05:29","modified_gmt":"2023-11-06T19:05:29","slug":"proximos-cursos-cencasia","status":"publish","type":"page","link":"https:\/\/asia.tmarketing.la\/index.php\/proximos-cursos-cencasia\/","title":{"rendered":"Pr\u00f3ximos Cursos CENCASIA"},"content":{"rendered":"<div class=\"wpb-content-wrapper\"><p>[vc_row][vc_column]<div class=\"edgtf-event-list-holder edgtf-event-list-calendar edgtf-event-list-col-3 edgtf-event-list-parallax edgtf-event-list-appear-fx\" data-next-page= \"2\" data-type= \"calendar\" data-columns= \"3\" data-order-by= \"start-date\" data-order= \"ASC\" data-event-status= \"all\" data-number= \"-1\" data-image-size= \"original\" data-category= \"educacion-asia\" data-show-more= \"none\" data-parallax= \"yes\" data-appear-fx= \"yes\" data-max-num-pages = 0><div class=\"edgtf-event-list-holder-inner\" ><div class=\"edgtf-el-item edgtf-el-item-odd\">\n\t<div class=\"edgtf-el-item-inner\">\n\t\t<div class=\"edgtf-el-item-inner-holder\">\n\t\t\t<a class=\"edgtf-el-item-link\" href=\"https:\/\/asia.tmarketing.la\/index.php\/event\/modelo-estructural-y-modelo-mep-hacia-un-flujo-bim\/\"><\/a>\n\t\t\t<div class=\"edgtf-el-item-background\" style=\"background-image: url()\"><\/div>\n\t\t\t<div class=\"edgtf-el-item-content\">\n\t\t\t\t\t\t\t\t\t<div class=\"edgtf-el-item-date\">\n\t\t\t\t\t\t<span class=\"edgtf-el-item-day\">01<\/span>\n\t\t\t\t\t\t<div class=\"edgtf-el-item-my\">\n\t\t\t\t\t\t\t<span class=\"edgtf-el-item-month\">Nov<\/span>\n\t\t\t\t\t\t\t<span class=\"edgtf-el-item-year\">2023<\/span>\n\t\t\t\t\t\t<\/div>\n\t\t\t\t\t<\/div>\n\t\t\t\t\t\t\t\t<div class=\"edgtf-el-item-location-title-holder\">\n\t\t\t\t\t\t\t\t\t\t<h3 class=\"edgtf-el-item-title\">\n\t\t\t\t\t\tMODELO ESTRUCTURAL Y MODELO MEP HACIA UN FLUJO BIM\t\t\t\t\t<\/h3>\n\t\t\t\t<\/div>\n\t\t\t<\/div>\n\t\t<\/div>\n\t<\/div>\n<\/div><div class=\"edgtf-el-item edgtf-el-item-even\">\n\t<div class=\"edgtf-el-item-inner\">\n\t\t<div class=\"edgtf-el-item-inner-holder\">\n\t\t\t<a class=\"edgtf-el-item-link\" href=\"https:\/\/asia.tmarketing.la\/index.php\/event\/sistemas-constructivos-en-edificaciones-patrimoniales\/\"><\/a>\n\t\t\t<div class=\"edgtf-el-item-background\" style=\"background-image: url()\"><\/div>\n\t\t\t<div class=\"edgtf-el-item-content\">\n\t\t\t\t\t\t\t\t\t<div class=\"edgtf-el-item-date\">\n\t\t\t\t\t\t<span class=\"edgtf-el-item-day\">01<\/span>\n\t\t\t\t\t\t<div class=\"edgtf-el-item-my\">\n\t\t\t\t\t\t\t<span class=\"edgtf-el-item-month\">Nov<\/span>\n\t\t\t\t\t\t\t<span class=\"edgtf-el-item-year\">2023<\/span>\n\t\t\t\t\t\t<\/div>\n\t\t\t\t\t<\/div>\n\t\t\t\t\t\t\t\t<div class=\"edgtf-el-item-location-title-holder\">\n\t\t\t\t\t\t\t\t\t\t<h3 class=\"edgtf-el-item-title\">\n\t\t\t\t\t\tSISTEMAS CONSTRUCTIVOS EN EDIFICACIONES PATRIMONIALES\t\t\t\t\t<\/h3>\n\t\t\t\t<\/div>\n\t\t\t<\/div>\n\t\t<\/div>\n\t<\/div>\n<\/div><div class=\"edgtf-el-item edgtf-el-item-odd\">\n\t<div class=\"edgtf-el-item-inner\">\n\t\t<div class=\"edgtf-el-item-inner-holder\">\n\t\t\t<a class=\"edgtf-el-item-link\" href=\"https:\/\/asia.tmarketing.la\/index.php\/event\/principios-y-metodos-generales-de-ingenieria-de-valuacion-aplicada-a-bienes-inmuebles-urbanos\/\"><\/a>\n\t\t\t<div class=\"edgtf-el-item-background\" style=\"background-image: url()\"><\/div>\n\t\t\t<div class=\"edgtf-el-item-content\">\n\t\t\t\t\t\t\t\t\t<div class=\"edgtf-el-item-date\">\n\t\t\t\t\t\t<span class=\"edgtf-el-item-day\">10<\/span>\n\t\t\t\t\t\t<div class=\"edgtf-el-item-my\">\n\t\t\t\t\t\t\t<span class=\"edgtf-el-item-month\">Nov<\/span>\n\t\t\t\t\t\t\t<span class=\"edgtf-el-item-year\">2023<\/span>\n\t\t\t\t\t\t<\/div>\n\t\t\t\t\t<\/div>\n\t\t\t\t\t\t\t\t<div class=\"edgtf-el-item-location-title-holder\">\n\t\t\t\t\t\t\t\t\t\t<h3 class=\"edgtf-el-item-title\">\n\t\t\t\t\t\tPRINCIPIOS Y M\u00c9TODOS GENERALES DE INGENIER\u00cdA DE VALUACI\u00d3N APLICADA A BIENES INMUEBLES URBANOS\t\t\t\t\t<\/h3>\n\t\t\t\t<\/div>\n\t\t\t<\/div>\n\t\t<\/div>\n\t<\/div>\n<\/div><div class=\"edgtf-el-item edgtf-el-item-even\">\n\t<div class=\"edgtf-el-item-inner\">\n\t\t<div class=\"edgtf-el-item-inner-holder\">\n\t\t\t<a class=\"edgtf-el-item-link\" href=\"https:\/\/asia.tmarketing.la\/index.php\/event\/supervision-de-edificaciones-de-mamposteria-estructural\/\"><\/a>\n\t\t\t<div class=\"edgtf-el-item-background\" style=\"background-image: url()\"><\/div>\n\t\t\t<div class=\"edgtf-el-item-content\">\n\t\t\t\t\t\t\t\t\t<div class=\"edgtf-el-item-date\">\n\t\t\t\t\t\t<span class=\"edgtf-el-item-day\">13<\/span>\n\t\t\t\t\t\t<div class=\"edgtf-el-item-my\">\n\t\t\t\t\t\t\t<span class=\"edgtf-el-item-month\">Nov<\/span>\n\t\t\t\t\t\t\t<span class=\"edgtf-el-item-year\">2023<\/span>\n\t\t\t\t\t\t<\/div>\n\t\t\t\t\t<\/div>\n\t\t\t\t\t\t\t\t<div class=\"edgtf-el-item-location-title-holder\">\n\t\t\t\t\t\t\t\t\t\t<h3 class=\"edgtf-el-item-title\">\n\t\t\t\t\t\tSUPERVISION DE EDIFICACIONES DE MAMPOSTERIA ESTRUCTURAL\t\t\t\t\t<\/h3>\n\t\t\t\t<\/div>\n\t\t\t<\/div>\n\t\t<\/div>\n\t<\/div>\n<\/div><div class=\"edgtf-el-item edgtf-el-item-odd\">\n\t<div class=\"edgtf-el-item-inner\">\n\t\t<div class=\"edgtf-el-item-inner-holder\">\n\t\t\t<a class=\"edgtf-el-item-link\" href=\"https:\/\/asia.tmarketing.la\/index.php\/event\/mediciones-topograficas-gps-con-la-tecnica-rtk-uhf-y-la-modalidad-ntrip-asociada-a-la-proyeccion-conica-conformal-de-lambert\/\"><\/a>\n\t\t\t<div class=\"edgtf-el-item-background\" style=\"background-image: url()\"><\/div>\n\t\t\t<div class=\"edgtf-el-item-content\">\n\t\t\t\t\t\t\t\t\t<div class=\"edgtf-el-item-date\">\n\t\t\t\t\t\t<span class=\"edgtf-el-item-day\">13<\/span>\n\t\t\t\t\t\t<div class=\"edgtf-el-item-my\">\n\t\t\t\t\t\t\t<span class=\"edgtf-el-item-month\">Nov<\/span>\n\t\t\t\t\t\t\t<span class=\"edgtf-el-item-year\">2023<\/span>\n\t\t\t\t\t\t<\/div>\n\t\t\t\t\t<\/div>\n\t\t\t\t\t\t\t\t<div class=\"edgtf-el-item-location-title-holder\">\n\t\t\t\t\t\t\t\t\t\t<h3 class=\"edgtf-el-item-title\">\n\t\t\t\t\t\tMEDICIONES TOPOGRAFICAS GPS CON LA T\u00c9CNICA RTK UHF Y LA MODALIDAD NTRIP ASOCIADA A LA PROYECCI\u00d3N C\u00d3NICA CONFORMAL DE LAMBERT\t\t\t\t\t<\/h3>\n\t\t\t\t<\/div>\n\t\t\t<\/div>\n\t\t<\/div>\n\t<\/div>\n<\/div><div class=\"edgtf-el-item edgtf-el-item-even\">\n\t<div class=\"edgtf-el-item-inner\">\n\t\t<div class=\"edgtf-el-item-inner-holder\">\n\t\t\t<a class=\"edgtf-el-item-link\" href=\"https:\/\/asia.tmarketing.la\/index.php\/event\/diseno-de-rellenos-sanitarios-y-cierre-tecnico-de-botaderos-a-cielo-abierto\/\"><\/a>\n\t\t\t<div class=\"edgtf-el-item-background\" style=\"background-image: url()\"><\/div>\n\t\t\t<div class=\"edgtf-el-item-content\">\n\t\t\t\t\t\t\t\t\t<div class=\"edgtf-el-item-date\">\n\t\t\t\t\t\t<span class=\"edgtf-el-item-day\">21<\/span>\n\t\t\t\t\t\t<div class=\"edgtf-el-item-my\">\n\t\t\t\t\t\t\t<span class=\"edgtf-el-item-month\">Nov<\/span>\n\t\t\t\t\t\t\t<span class=\"edgtf-el-item-year\">2023<\/span>\n\t\t\t\t\t\t<\/div>\n\t\t\t\t\t<\/div>\n\t\t\t\t\t\t\t\t<div class=\"edgtf-el-item-location-title-holder\">\n\t\t\t\t\t\t\t\t\t\t<h3 class=\"edgtf-el-item-title\">\n\t\t\t\t\t\tDISE\u00d1O DE RELLENOS SANITARIOS Y CIERRE T\u00c9CNICO DE BOTADEROS A CIELO ABIERTO\t\t\t\t\t<\/h3>\n\t\t\t\t<\/div>\n\t\t\t<\/div>\n\t\t<\/div>\n\t<\/div>\n<\/div><div class=\"edgtf-el-item edgtf-el-item-odd\">\n\t<div class=\"edgtf-el-item-inner\">\n\t\t<div class=\"edgtf-el-item-inner-holder\">\n\t\t\t<a class=\"edgtf-el-item-link\" href=\"https:\/\/asia.tmarketing.la\/index.php\/event\/instalaciones-hidraulicas-y-sanitarias-en-edificaciones\/\"><\/a>\n\t\t\t<div class=\"edgtf-el-item-background\" style=\"background-image: url()\"><\/div>\n\t\t\t<div class=\"edgtf-el-item-content\">\n\t\t\t\t\t\t\t\t\t<div class=\"edgtf-el-item-date\">\n\t\t\t\t\t\t<span class=\"edgtf-el-item-day\">22<\/span>\n\t\t\t\t\t\t<div class=\"edgtf-el-item-my\">\n\t\t\t\t\t\t\t<span class=\"edgtf-el-item-month\">Nov<\/span>\n\t\t\t\t\t\t\t<span class=\"edgtf-el-item-year\">2023<\/span>\n\t\t\t\t\t\t<\/div>\n\t\t\t\t\t<\/div>\n\t\t\t\t\t\t\t\t<div class=\"edgtf-el-item-location-title-holder\">\n\t\t\t\t\t\t\t\t\t\t<h3 class=\"edgtf-el-item-title\">\n\t\t\t\t\t\tINSTALACIONES HIDRAULICAS Y SANITARIAS EN EDIFICACIONES\t\t\t\t\t<\/h3>\n\t\t\t\t<\/div>\n\t\t\t<\/div>\n\t\t<\/div>\n\t<\/div>\n<\/div><div class=\"edgtf-el-item edgtf-el-item-even\">\n\t<div class=\"edgtf-el-item-inner\">\n\t\t<div class=\"edgtf-el-item-inner-holder\">\n\t\t\t<a class=\"edgtf-el-item-link\" href=\"https:\/\/asia.tmarketing.la\/index.php\/event\/topografia-con-estacion-total\/\"><\/a>\n\t\t\t<div class=\"edgtf-el-item-background\" style=\"background-image: url()\"><\/div>\n\t\t\t<div class=\"edgtf-el-item-content\">\n\t\t\t\t\t\t\t\t\t<div class=\"edgtf-el-item-date\">\n\t\t\t\t\t\t<span class=\"edgtf-el-item-day\">27<\/span>\n\t\t\t\t\t\t<div class=\"edgtf-el-item-my\">\n\t\t\t\t\t\t\t<span class=\"edgtf-el-item-month\">Nov<\/span>\n\t\t\t\t\t\t\t<span class=\"edgtf-el-item-year\">2023<\/span>\n\t\t\t\t\t\t<\/div>\n\t\t\t\t\t<\/div>\n\t\t\t\t\t\t\t\t<div class=\"edgtf-el-item-location-title-holder\">\n\t\t\t\t\t\t\t\t\t\t<h3 class=\"edgtf-el-item-title\">\n\t\t\t\t\t\tTOPOGRAFIA CON ESTACI\u00d3N TOTAL\t\t\t\t\t<\/h3>\n\t\t\t\t<\/div>\n\t\t\t<\/div>\n\t\t<\/div>\n\t<\/div>\n<\/div><\/div><\/div>[\/vc_column][\/vc_row]<\/p>\n<\/div>","protected":false},"excerpt":{"rendered":"<p>[vc_row][vc_column][\/vc_column][\/vc_row]<\/p>\n","protected":false},"author":1,"featured_media":0,"parent":0,"menu_order":0,"comment_status":"closed","ping_status":"closed","template":"","meta":{"footnotes":""},"_links":{"self":[{"href":"https:\/\/asia.tmarketing.la\/index.php\/wp-json\/wp\/v2\/pages\/20046"}],"collection":[{"href":"https:\/\/asia.tmarketing.la\/index.php\/wp-json\/wp\/v2\/pages"}],"about":[{"href":"https:\/\/asia.tmarketing.la\/index.php\/wp-json\/wp\/v2\/types\/page"}],"author":[{"embeddable":true,"href":"https:\/\/asia.tmarketing.la\/index.php\/wp-json\/wp\/v2\/users\/1"}],"replies":[{"embeddable":true,"href":"https:\/\/asia.tmarketing.la\/index.php\/wp-json\/wp\/v2\/comments?post=20046"}],"version-history":[{"count":1,"href":"https:\/\/asia.tmarketing.la\/index.php\/wp-json\/wp\/v2\/pages\/20046\/revisions"}],"predecessor-version":[{"id":20047,"href":"https:\/\/asia.tmarketing.la\/index.php\/wp-json\/wp\/v2\/pages\/20046\/revisions\/20047"}],"wp:attachment":[{"href":"https:\/\/asia.tmarketing.la\/index.php\/wp-json\/wp\/v2\/media?parent=20046"}],"curies":[{"name":"wp","href":"https:\/\/api.w.org\/{rel}","templated":true}]}}