
{"id":20056,"date":"2023-11-06T20:00:35","date_gmt":"2023-11-06T20:00:35","guid":{"rendered":"https:\/\/asia.tmarketing.la\/?page_id=20056"},"modified":"2023-11-11T01:10:13","modified_gmt":"2023-11-11T01:10:13","slug":"bolsa-de-trabajo","status":"publish","type":"page","link":"https:\/\/asia.tmarketing.la\/index.php\/bolsa-de-trabajo\/","title":{"rendered":"BOLSA DE TRABAJO"},"content":{"rendered":"<div class=\"wpb-content-wrapper\"><p>[vc_row][vc_column][vc_row_inner][vc_column_inner][vc_column_text]<\/p>\n<h2 style=\"text-align: center;\"><strong>BOLSA DE TRABAJO<\/strong><\/h2>\n<p>[\/vc_column_text][vc_empty_space][vc_column_text]<\/p>\n<p style=\"font-size: 20px; text-align: center;\">Como parte de la fomentaci\u00f3n del crecimiento econ\u00f3mico en la industria de la ingenier\u00eda y arquitectura hemos abierto nuestro espacio de Bolsa de Empleos en el cual puedes acceder sin costo a las ofertas de empleo de la industria<\/p>\n<p>[\/vc_column_text][\/vc_column_inner][\/vc_row_inner][vc_empty_space][\/vc_column][\/vc_row][vc_row][vc_column width=\u00bb1\/3&#8243;][vc_single_image image=\u00bb20057&#8243; img_size=\u00bb500&#215;500&#8243; alignment=\u00bbcenter\u00bb onclick=\u00bblink_image\u00bb][vc_empty_space height=\u00bb92px\u00bb]<a itemprop=\"url\" href=\"mailto:construcciones.rh.esa@gmail.com\" target=\"_self\" style=\"color: #ffffff;background-color: #81d742;border-color: #81d742;font-size: 20px\" class=\"edgtf-btn edgtf-btn-huge-full-width edgtf-btn-solid\"  >\n\t<span class=\"edgtf-btn-text\">Aplicar<\/span>\n    <\/a>[\/vc_column][vc_column width=\u00bb1\/3&#8243;][vc_single_image image=\u00bb20071&#8243; img_size=\u00bb500&#215;500&#8243; alignment=\u00bbcenter\u00bb onclick=\u00bblink_image\u00bb][vc_empty_space height=\u00bb92px\u00bb]<a itemprop=\"url\" href=\"mailto:rdconsultoressa@gmail.com\" target=\"_self\" style=\"color: #ffffff;background-color: #81d742;border-color: #81d742;font-size: 20px\" class=\"edgtf-btn edgtf-btn-huge-full-width edgtf-btn-solid\"  >\n\t<span class=\"edgtf-btn-text\">Aplicar<\/span>\n    <\/a>[\/vc_column][vc_column width=\u00bb1\/3&#8243;][vc_gallery type=\u00bbflexslider_slide\u00bb interval=\u00bb3&#8243; images=\u00bb20075,20077&#8243; img_size=\u00bb500&#215;500&#8243;][vc_empty_space]<a itemprop=\"url\" href=\"mailto:ralvarado@qualicons.com\" target=\"_self\" style=\"color: #ffffff;background-color: #81d742;border-color: #81d742;font-size: 20px\" class=\"edgtf-btn edgtf-btn-huge-full-width edgtf-btn-solid\"  >\n\t<span class=\"edgtf-btn-text\">Aplicar<\/span>\n    <\/a>[\/vc_column][\/vc_row][vc_row][vc_column][vc_empty_space][vc_column_text]<\/p>\n<p style=\"text-align: center;\"><strong>*ASIA act\u00faa \u00fanicamente como comunicador de informaci\u00f3n. La aplicaci\u00f3n y contrataci\u00f3n son responsabilidad exclusiva de la empresa y del solicitante<\/strong><\/p>\n<p>[\/vc_column_text][\/vc_column][\/vc_row]<\/p>\n<\/div>","protected":false},"excerpt":{"rendered":"<p>[vc_row][vc_column][vc_row_inner][vc_column_inner][vc_column_text] BOLSA DE TRABAJO [\/vc_column_text][vc_empty_space][vc_column_text] Como parte de la fomentaci\u00f3n del crecimiento econ\u00f3mico en la industria de la ingenier\u00eda y arquitectura hemos abierto nuestro espacio de Bolsa de Empleos en el cual puedes acceder sin costo a las ofertas de empleo de la industria [\/vc_column_text][\/vc_column_inner][\/vc_row_inner][vc_empty_space][\/vc_column][\/vc_row][vc_row][vc_column width=\u00bb1\/3&#8243;][vc_single_image image=\u00bb20057&#8243; img_size=\u00bb500&#215;500&#8243; alignment=\u00bbcenter\u00bb onclick=\u00bblink_image\u00bb][vc_empty_space height=\u00bb92px\u00bb][\/vc_column][vc_column width=\u00bb1\/3&#8243;][vc_single_image image=\u00bb20071&#8243; img_size=\u00bb500&#215;500&#8243; alignment=\u00bbcenter\u00bb&#8230;<\/p>\n","protected":false},"author":1,"featured_media":0,"parent":0,"menu_order":0,"comment_status":"closed","ping_status":"closed","template":"","meta":{"footnotes":""},"_links":{"self":[{"href":"https:\/\/asia.tmarketing.la\/index.php\/wp-json\/wp\/v2\/pages\/20056"}],"collection":[{"href":"https:\/\/asia.tmarketing.la\/index.php\/wp-json\/wp\/v2\/pages"}],"about":[{"href":"https:\/\/asia.tmarketing.la\/index.php\/wp-json\/wp\/v2\/types\/page"}],"author":[{"embeddable":true,"href":"https:\/\/asia.tmarketing.la\/index.php\/wp-json\/wp\/v2\/users\/1"}],"replies":[{"embeddable":true,"href":"https:\/\/asia.tmarketing.la\/index.php\/wp-json\/wp\/v2\/comments?post=20056"}],"version-history":[{"count":26,"href":"https:\/\/asia.tmarketing.la\/index.php\/wp-json\/wp\/v2\/pages\/20056\/revisions"}],"predecessor-version":[{"id":20186,"href":"https:\/\/asia.tmarketing.la\/index.php\/wp-json\/wp\/v2\/pages\/20056\/revisions\/20186"}],"wp:attachment":[{"href":"https:\/\/asia.tmarketing.la\/index.php\/wp-json\/wp\/v2\/media?parent=20056"}],"curies":[{"name":"wp","href":"https:\/\/api.w.org\/{rel}","templated":true}]}}